{"id":499,"date":"2025-03-03T13:17:00","date_gmt":"2025-03-03T12:17:00","guid":{"rendered":"https:\/\/anaarizaga.projectes.biz\/aviso-legal\/"},"modified":"2025-03-19T11:06:07","modified_gmt":"2025-03-19T10:06:07","slug":"avis-legal","status":"publish","type":"page","link":"https:\/\/anaarizaga.projectes.biz\/ca\/avis-legal\/","title":{"rendered":"Av\u00eds legal"},"content":{"rendered":"<style>.kb-row-layout-wrap.wp-block-kadence-rowlayout.kb-row-layout-id499_5b75d2-72{margin-bottom:0px;}.kb-row-layout-id499_5b75d2-72 > .kt-row-column-wrap{align-content:start;}:where(.kb-row-layout-id499_5b75d2-72 > .kt-row-column-wrap) > .wp-block-kadence-column{justify-content:start;}.kb-row-layout-id499_5b75d2-72 > .kt-row-column-wrap{column-gap:var(--global-kb-gap-md, 2rem);row-gap:var(--global-kb-gap-md, 2rem);padding-top:0px;padding-bottom:0px;}.kb-row-layout-id499_5b75d2-72 > .kt-row-column-wrap > div:not(.added-for-specificity){grid-column:initial;}.kb-row-layout-id499_5b75d2-72 > .kt-row-column-wrap{grid-template-columns:minmax(0, 1fr) minmax(0, 6fr) minmax(0, 1fr);}.kb-row-layout-id499_5b75d2-72 > .kt-row-layout-overlay{opacity:0.30;}@media all and (max-width: 1024px){.kb-row-layout-id499_5b75d2-72 > .kt-row-column-wrap > div:not(.added-for-specificity){grid-column:initial;}}@media all and (max-width: 1024px){.kb-row-layout-id499_5b75d2-72 > .kt-row-column-wrap{grid-template-columns:minmax(0, 1fr);}}@media all and (max-width: 767px){.kb-row-layout-id499_5b75d2-72 > .kt-row-column-wrap > div:not(.added-for-specificity){grid-column:initial;}.kb-row-layout-id499_5b75d2-72 > .kt-row-column-wrap{grid-template-columns:minmax(0, 1fr);}}<\/style><div class=\"kb-row-layout-wrap kb-row-layout-id499_5b75d2-72 alignnone wp-block-kadence-rowlayout\"><div class=\"kt-row-column-wrap kt-has-3-columns kt-row-layout-center-exwide kt-tab-layout-row kt-mobile-layout-row kt-row-valign-top\">\n<style>.kadence-column499_dd84d5-dd > .kt-inside-inner-col,.kadence-column499_dd84d5-dd > .kt-inside-inner-col:before{border-top-left-radius:0px;border-top-right-radius:0px;border-bottom-right-radius:0px;border-bottom-left-radius:0px;}.kadence-column499_dd84d5-dd > .kt-inside-inner-col{column-gap:var(--global-kb-gap-sm, 1rem);}.kadence-column499_dd84d5-dd > .kt-inside-inner-col{flex-direction:column;}.kadence-column499_dd84d5-dd > .kt-inside-inner-col > .aligncenter{width:100%;}.kadence-column499_dd84d5-dd > .kt-inside-inner-col:before{opacity:0.3;}.kadence-column499_dd84d5-dd{position:relative;}@media all and (max-width: 1024px){.kadence-column499_dd84d5-dd > .kt-inside-inner-col{flex-direction:column;}}@media all and (max-width: 767px){.kadence-column499_dd84d5-dd > .kt-inside-inner-col{flex-direction:column;}}<\/style>\n<div class=\"wp-block-kadence-column kadence-column499_dd84d5-dd kvs-md-false kvs-sm-false\"><div class=\"kt-inside-inner-col\"><\/div><\/div>\n\n\n<style>.kadence-column499_618814-91 > .kt-inside-inner-col,.kadence-column499_618814-91 > .kt-inside-inner-col:before{border-top-left-radius:0px;border-top-right-radius:0px;border-bottom-right-radius:0px;border-bottom-left-radius:0px;}.kadence-column499_618814-91 > .kt-inside-inner-col{column-gap:var(--global-kb-gap-sm, 1rem);}.kadence-column499_618814-91 > .kt-inside-inner-col{flex-direction:column;}.kadence-column499_618814-91 > .kt-inside-inner-col > .aligncenter{width:100%;}.kadence-column499_618814-91 > .kt-inside-inner-col:before{opacity:0.3;}.kadence-column499_618814-91{position:relative;}@media all and (max-width: 1024px){.kadence-column499_618814-91 > .kt-inside-inner-col{flex-direction:column;}}@media all and (max-width: 767px){.kadence-column499_618814-91 > .kt-inside-inner-col{flex-direction:column;}}<\/style>\n<div class=\"wp-block-kadence-column kadence-column499_618814-91\"><div class=\"kt-inside-inner-col\"><h1 class=\"wp-block-post-title\">Av\u00eds legal<\/h1>\n\n<style>.wp-block-kadence-spacer.kt-block-spacer-499_ea93b0-c0 .kt-block-spacer{height:6px;}.wp-block-kadence-spacer.kt-block-spacer-499_ea93b0-c0 .kt-divider{border-top-width:1px;height:1px;border-top-color:#eee;width:80%;border-top-style:solid;}<\/style>\n<div class=\"wp-block-kadence-spacer aligncenter kt-block-spacer-499_ea93b0-c0 kvs-md-false kvs-sm-false\"><div class=\"kt-block-spacer kt-block-spacer-halign-center\"><\/div><\/div>\n\n\n<style>.wp-block-kadence-advancedheading.kt-adv-heading499_a3e564-9e, .wp-block-kadence-advancedheading.kt-adv-heading499_a3e564-9e[data-kb-block=\"kb-adv-heading499_a3e564-9e\"]{font-style:normal;}.wp-block-kadence-advancedheading.kt-adv-heading499_a3e564-9e mark.kt-highlight, .wp-block-kadence-advancedheading.kt-adv-heading499_a3e564-9e[data-kb-block=\"kb-adv-heading499_a3e564-9e\"] mark.kt-highlight{font-style:normal;color:#f76a0c;-webkit-box-decoration-break:clone;box-decoration-break:clone;padding-top:0px;padding-right:0px;padding-bottom:0px;padding-left:0px;}<\/style>\n<h2 class=\"kt-adv-heading499_a3e564-9e h4 wp-block-kadence-advancedheading\" data-kb-block=\"kb-adv-heading499_a3e564-9e\">Llei dels Serveis de la Societat de la Informaci\u00f3 (LSSI)<\/h2>\n\n\n\n<p>CL\u00cdNICA DENTAL ANA AR\u00cdZAGA, responsable del lloc web, en endavant RESPONSABLE, posa a disposici\u00f3 dels usuaris el present document amb l&#8217;objectiu de donar compliment a les obligacions disposades a la Llei 34\/2002, d\u201911 de juliol, de Serveis de la Societat de la Informaci\u00f3 i de Comer\u00e7 Electr\u00f2nic (LSSICE), BOE n\u00fam. 166, aix\u00ed com informar tots els usuaris del lloc web sobre les condicions d\u2019\u00fas.<\/p>\n\n\n\n<p>Tota persona que accedeixi a aquest lloc web assumeix el paper d&#8217;usuari, comprometent-se a l\u2019observan\u00e7a i compliment rigor\u00f3s de les disposicions aqu\u00ed establertes, aix\u00ed com de qualsevol altra disposici\u00f3 legal aplicable.<\/p>\n\n\n\n<p>CL\u00cdNICA DENTAL ANA AR\u00cdZAGA es reserva el dret de modificar qualsevol tipus d\u2019informaci\u00f3 que pugui apar\u00e8ixer en aquest lloc web, sense que hi hagi l\u2019obligaci\u00f3 de preavisar o posar en coneixement dels usuaris aquestes obligacions, considerant-se suficient la seva publicaci\u00f3 al lloc web web\u00a0<a href=\"http:\/\/www.anaarizaga.com\/\" target=\"_blank\" rel=\"noreferrer noopener\">anaarizaga.com<\/a>.<\/p>\n\n\n<style>.wp-block-kadence-advancedheading.kt-adv-heading499_fb6a79-ce, .wp-block-kadence-advancedheading.kt-adv-heading499_fb6a79-ce[data-kb-block=\"kb-adv-heading499_fb6a79-ce\"]{font-style:normal;}.wp-block-kadence-advancedheading.kt-adv-heading499_fb6a79-ce mark.kt-highlight, .wp-block-kadence-advancedheading.kt-adv-heading499_fb6a79-ce[data-kb-block=\"kb-adv-heading499_fb6a79-ce\"] mark.kt-highlight{font-style:normal;color:#f76a0c;-webkit-box-decoration-break:clone;box-decoration-break:clone;padding-top:0px;padding-right:0px;padding-bottom:0px;padding-left:0px;}<\/style>\n<h2 class=\"kt-adv-heading499_fb6a79-ce h4 wp-block-kadence-advancedheading\" data-kb-block=\"kb-adv-heading499_fb6a79-ce\">1. Dades identificatives<\/h2>\n\n\n\n<p>Nom de domini: anaarizaga.com <br>Nom comercial: CL\u00cdNICA DENTAL ANA AR\u00cdZAGA <br>Denominaci\u00f3 social: CL\u00cdNICA DENTAL ANA AR\u00cdZAGA <br>NIF: 38861146R <br>Domicili social: c\/ Miquel Biada 119, bj \u2013 08302 \u2013 Matar\u00f3 <br>Tel\u00e8fon: 93 198 02 02 <br>Correu electr\u00f2nic:\u00a0i&#110;&#102;&#x6f;&#x40;m&#100;&#116;&#x64;&#x65;&#x6e;t&#97;&#108;&#x2e;&#x65;s<\/p>\n\n\n<style>.wp-block-kadence-advancedheading.kt-adv-heading499_22ef15-cd, .wp-block-kadence-advancedheading.kt-adv-heading499_22ef15-cd[data-kb-block=\"kb-adv-heading499_22ef15-cd\"]{font-style:normal;}.wp-block-kadence-advancedheading.kt-adv-heading499_22ef15-cd mark.kt-highlight, .wp-block-kadence-advancedheading.kt-adv-heading499_22ef15-cd[data-kb-block=\"kb-adv-heading499_22ef15-cd\"] mark.kt-highlight{font-style:normal;color:#f76a0c;-webkit-box-decoration-break:clone;box-decoration-break:clone;padding-top:0px;padding-right:0px;padding-bottom:0px;padding-left:0px;}<\/style>\n<h2 class=\"kt-adv-heading499_22ef15-cd h4 wp-block-kadence-advancedheading\" data-kb-block=\"kb-adv-heading499_22ef15-cd\">2. Drets de propietat intel\u00b7lectual i industrial<\/h2>\n\n\n\n<p>El lloc web, incloent-hi, a t\u00edtol enunciatiu per\u00f2 no limitatiu, la seva programaci\u00f3, edici\u00f3, compilaci\u00f3 i altres elements necessaris per al seu funcionament, els dissenys, logotips, textos i\/o gr\u00e0fics, s\u00f3n propietat del RESPONSABLE o, si escau, disposa de llic\u00e8ncia o autoritzaci\u00f3 expressa dels seus autors. Tots els continguts del lloc web estan degudament protegits per la normativa de propietat intel\u00b7lectual i industrial, aix\u00ed com registrats en els organismes p\u00fablics corresponents.<\/p>\n\n\n\n<p>Independentment de la finalitat per a la qual siguin destinats, la reproducci\u00f3 total o parcial, \u00fas, explotaci\u00f3, distribuci\u00f3 i comercialitzaci\u00f3 requereix l\u2019autoritzaci\u00f3 pr\u00e8via i per escrit del RESPONSABLE. Qualsevol \u00fas no autoritzat pr\u00e8viament es considera un incompliment greu dels drets de propietat intel\u00b7lectual o industrial.<\/p>\n\n\n\n<p>Els dissenys, logotips, textos i\/o gr\u00e0fics aliens al RESPONSABLE que puguin apar\u00e8ixer al lloc web pertanyen als seus respectius propietaris, sent ells els responsables de qualsevol possible controv\u00e8rsia que pugui sorgir respecte a aquests.<\/p>\n\n\n\n<p>El RESPONSABLE autoritza expressament que tercers puguin redirigir directament als continguts concrets del lloc web o, en tot cas, a la p\u00e0gina principal de anaarizaga.com.<\/p>\n\n\n\n<p>El RESPONSABLE reconeix els drets de propietat intel\u00b7lectual i industrial dels seus titulars, i el fet que apareguin al lloc web no implica cap dret ni responsabilitat sobre els mateixos, ni cap suport, patrocini o recomanaci\u00f3.<\/p>\n\n\n\n<p>Per a qualsevol observaci\u00f3 respecte a possibles incompliments de drets de propietat intel\u00b7lectual o industrial, aix\u00ed com sobre qualsevol contingut del lloc web, pots contactar mitjan\u00e7ant el correu electr\u00f2nic\u00a0&#105;&#x6e;&#102;&#x6f;&#64;&#x6d;&#100;&#x74;&#100;&#x65;&#110;&#x74;a&#x6c;&#46;&#x65;s.<\/p>\n\n\n<style>.wp-block-kadence-advancedheading.kt-adv-heading499_5a9c33-33, .wp-block-kadence-advancedheading.kt-adv-heading499_5a9c33-33[data-kb-block=\"kb-adv-heading499_5a9c33-33\"]{font-style:normal;}.wp-block-kadence-advancedheading.kt-adv-heading499_5a9c33-33 mark.kt-highlight, .wp-block-kadence-advancedheading.kt-adv-heading499_5a9c33-33[data-kb-block=\"kb-adv-heading499_5a9c33-33\"] mark.kt-highlight{font-style:normal;color:#f76a0c;-webkit-box-decoration-break:clone;box-decoration-break:clone;padding-top:0px;padding-right:0px;padding-bottom:0px;padding-left:0px;}<\/style>\n<h2 class=\"kt-adv-heading499_5a9c33-33 h4 wp-block-kadence-advancedheading\" data-kb-block=\"kb-adv-heading499_5a9c33-33\">3. Exempci\u00f3 de responsabilitats<\/h2>\n\n\n\n<p>El RESPONSABLE s&#8217;eximeix de qualsevol tipus de responsabilitat derivada de la informaci\u00f3 publicada al vostre lloc web sempre que aquesta informaci\u00f3 hagi estat manipulada o introdu\u00efda per un tercer ali\u00e8 al mateix.<\/p>\n\n\n<style>.wp-block-kadence-advancedheading.kt-adv-heading499_ef9e0c-ca, .wp-block-kadence-advancedheading.kt-adv-heading499_ef9e0c-ca[data-kb-block=\"kb-adv-heading499_ef9e0c-ca\"]{font-style:normal;}.wp-block-kadence-advancedheading.kt-adv-heading499_ef9e0c-ca mark.kt-highlight, .wp-block-kadence-advancedheading.kt-adv-heading499_ef9e0c-ca[data-kb-block=\"kb-adv-heading499_ef9e0c-ca\"] mark.kt-highlight{font-style:normal;color:#f76a0c;-webkit-box-decoration-break:clone;box-decoration-break:clone;padding-top:0px;padding-right:0px;padding-bottom:0px;padding-left:0px;}<\/style>\n<h3 class=\"kt-adv-heading499_ef9e0c-ca h5 wp-block-kadence-advancedheading\" data-kb-block=\"kb-adv-heading499_ef9e0c-ca\">\u00das de cookies<\/h3>\n\n\n\n<p>Aquest lloc web pot utilitzar cookies t\u00e8cniques (petits fitxers d&#8217;informaci\u00f3 que el servidor envia a l&#8217;ordinador de l&#8217;usuari que accedeix a la p\u00e0gina) per dur a terme determinades funcions imprescindibles per al correcte funcionament i visualitzaci\u00f3 del lloc.<\/p>\n\n\n\n<p>Les cookies utilitzades tenen, en tot cas, car\u00e0cter temporal, amb l\u2019\u00fanica finalitat de fer m\u00e9s eficient la navegaci\u00f3 i desapareixen en acabar la sessi\u00f3 de l&#8217;usuari. En cap cas aquestes cookies proporcionen dades personals i no s\u2019utilitzaran per recollir-les.<\/p>\n\n\n\n<p>L\u2019usuari t\u00e9 la possibilitat de configurar el seu navegador per ser alertat de la recepci\u00f3 de cookies i impedir la seva instal\u00b7laci\u00f3 al dispositiu. Consulta les instruccions del teu navegador per ampliar aquesta informaci\u00f3.<\/p>\n\n\n<style>.wp-block-kadence-advancedheading.kt-adv-heading499_6ceae1-59, .wp-block-kadence-advancedheading.kt-adv-heading499_6ceae1-59[data-kb-block=\"kb-adv-heading499_6ceae1-59\"]{font-style:normal;}.wp-block-kadence-advancedheading.kt-adv-heading499_6ceae1-59 mark.kt-highlight, .wp-block-kadence-advancedheading.kt-adv-heading499_6ceae1-59[data-kb-block=\"kb-adv-heading499_6ceae1-59\"] mark.kt-highlight{font-style:normal;color:#f76a0c;-webkit-box-decoration-break:clone;box-decoration-break:clone;padding-top:0px;padding-right:0px;padding-bottom:0px;padding-left:0px;}<\/style>\n<h3 class=\"kt-adv-heading499_6ceae1-59 h5 wp-block-kadence-advancedheading\" data-kb-block=\"kb-adv-heading499_6ceae1-59\">Pol\u00edtica d\u2019enlla\u00e7os<\/h3>\n\n\n\n<p>Des del lloc web, \u00e9s possible que es redirigeixi a continguts de tercers. Com que el RESPONSABLE no pot controlar sempre els continguts introdu\u00efts per tercers als seus respectius llocs web, no assumeix cap responsabilitat respecte als mateixos.<\/p>\n\n\n\n<p>No obstant aix\u00f2, en cas que detecti algun contingut que contravingui la legislaci\u00f3 nacional o internacional, la moral o l\u2019ordre p\u00fablic, procedir\u00e0 a la seva retirada immediata.<\/p>\n\n\n\n<p>El RESPONSABLE no es fa responsable de la informaci\u00f3 i continguts publicats en xats, f\u00f2rums, blocs, xarxes socials o altres mitjans que permetin a tercers publicar continguts de manera independent. No obstant aix\u00f2, es posa a disposici\u00f3 dels usuaris, autoritats i forces de seguretat per col\u00b7laborar activament en la retirada o bloqueig de tots aquells continguts que puguin vulnerar drets o la legalitat vigent.<\/p>\n\n\n\n<p>Aquest lloc web ha estat revisat i provat perqu\u00e8 funcioni correctament 365 dies a l\u2019any, 24 hores al dia. No obstant aix\u00f2, el RESPONSABLE no descarta errors de programaci\u00f3, problemes t\u00e8cnics o causes de for\u00e7a major que impedeixin l\u2019acc\u00e9s puntual a la p\u00e0gina.<\/p>\n\n\n<style>.wp-block-kadence-advancedheading.kt-adv-heading499_08a886-8c, .wp-block-kadence-advancedheading.kt-adv-heading499_08a886-8c[data-kb-block=\"kb-adv-heading499_08a886-8c\"]{font-style:normal;}.wp-block-kadence-advancedheading.kt-adv-heading499_08a886-8c mark.kt-highlight, .wp-block-kadence-advancedheading.kt-adv-heading499_08a886-8c[data-kb-block=\"kb-adv-heading499_08a886-8c\"] mark.kt-highlight{font-style:normal;color:#f76a0c;-webkit-box-decoration-break:clone;box-decoration-break:clone;padding-top:0px;padding-right:0px;padding-bottom:0px;padding-left:0px;}<\/style>\n<h3 class=\"kt-adv-heading499_08a886-8c h5 wp-block-kadence-advancedheading\" data-kb-block=\"kb-adv-heading499_08a886-8c\">Adreces IP<\/h3>\n\n\n\n<p>Els servidors del lloc web podran detectar de manera autom\u00e0tica la direcci\u00f3 IP i el nom de domini utilitzats per l\u2019usuari. Aquesta informaci\u00f3 es recull en un fitxer de registre del servidor amb la finalitat d&#8217;obtenir estad\u00edstiques sobre visites, p\u00e0gines m\u00e9s consultades, ordre de visites i punts d\u2019acc\u00e9s, entre altres dades d&#8217;an\u00e0lisi.<\/p>\n\n\n<style>.wp-block-kadence-advancedheading.kt-adv-heading499_af982f-e7, .wp-block-kadence-advancedheading.kt-adv-heading499_af982f-e7[data-kb-block=\"kb-adv-heading499_af982f-e7\"]{font-style:normal;}.wp-block-kadence-advancedheading.kt-adv-heading499_af982f-e7 mark.kt-highlight, .wp-block-kadence-advancedheading.kt-adv-heading499_af982f-e7[data-kb-block=\"kb-adv-heading499_af982f-e7\"] mark.kt-highlight{font-style:normal;color:#f76a0c;-webkit-box-decoration-break:clone;box-decoration-break:clone;padding-top:0px;padding-right:0px;padding-bottom:0px;padding-left:0px;}<\/style>\n<h2 class=\"kt-adv-heading499_af982f-e7 h4 wp-block-kadence-advancedheading\" data-kb-block=\"kb-adv-heading499_af982f-e7\">4. Llei aplicable i jurisdicci\u00f3<\/h2>\n\n\n\n<p>La llei aplicable en cas de disputa o conflicte en la interpretaci\u00f3 d\u2019aquests textos legals, aix\u00ed com qualsevol q\u00fcesti\u00f3 relacionada amb els serveis d\u2019aquest web, ser\u00e0 la llei espanyola.<\/p>\n\n\n\n<p>\u00daltima actualitzaci\u00f3: 20\/09\/2021<\/p>\n<\/div><\/div>\n\n\n<style>.kadence-column499_62e1cf-81 > .kt-inside-inner-col,.kadence-column499_62e1cf-81 > .kt-inside-inner-col:before{border-top-left-radius:0px;border-top-right-radius:0px;border-bottom-right-radius:0px;border-bottom-left-radius:0px;}.kadence-column499_62e1cf-81 > .kt-inside-inner-col{column-gap:var(--global-kb-gap-sm, 1rem);}.kadence-column499_62e1cf-81 > .kt-inside-inner-col{flex-direction:column;}.kadence-column499_62e1cf-81 > .kt-inside-inner-col > .aligncenter{width:100%;}.kadence-column499_62e1cf-81 > .kt-inside-inner-col:before{opacity:0.3;}.kadence-column499_62e1cf-81{position:relative;}@media all and (max-width: 1024px){.kadence-column499_62e1cf-81 > .kt-inside-inner-col{flex-direction:column;}}@media all and (max-width: 767px){.kadence-column499_62e1cf-81 > .kt-inside-inner-col{flex-direction:column;}}<\/style>\n<div class=\"wp-block-kadence-column kadence-column499_62e1cf-81 kvs-md-false kvs-sm-false\"><div class=\"kt-inside-inner-col\"><\/div><\/div>\n\n<\/div><\/div>","protected":false},"excerpt":{"rendered":"<p>Llei dels Serveis de la Societat de la Informaci\u00f3 (LSSI) CL\u00cdNICA DENTAL ANA AR\u00cdZAGA, responsable del lloc web, en endavant RESPONSABLE, posa a disposici\u00f3 dels usuaris el present document amb l&#8217;objectiu de donar compliment a les obligacions disposades a la Llei 34\/2002, d\u201911 de juliol, de Serveis de la Societat de la Informaci\u00f3 i de &hellip;<\/p>\n","protected":false},"author":1,"featured_media":0,"parent":0,"menu_order":0,"comment_status":"closed","ping_status":"closed","template":"templates\/template-builder.php","meta":{"inline_featured_image":false,"_kad_blocks_custom_css":"","_kad_blocks_head_custom_js":"","_kad_blocks_body_custom_js":"","_kad_blocks_footer_custom_js":"","footnotes":""},"class_list":["post-499","page","type-page","status-publish","hentry","post","without-featured-image"],"taxonomy_info":[],"featured_image_src_large":false,"author_info":{"display_name":"admin","author_link":"https:\/\/anaarizaga.projectes.biz\/ca\/author\/server_4driiaoc\/"},"comment_info":0,"_links":{"self":[{"href":"https:\/\/anaarizaga.projectes.biz\/ca\/wp-json\/wp\/v2\/pages\/499","targetHints":{"allow":["GET"]}}],"collection":[{"href":"https:\/\/anaarizaga.projectes.biz\/ca\/wp-json\/wp\/v2\/pages"}],"about":[{"href":"https:\/\/anaarizaga.projectes.biz\/ca\/wp-json\/wp\/v2\/types\/page"}],"author":[{"embeddable":true,"href":"https:\/\/anaarizaga.projectes.biz\/ca\/wp-json\/wp\/v2\/users\/1"}],"replies":[{"embeddable":true,"href":"https:\/\/anaarizaga.projectes.biz\/ca\/wp-json\/wp\/v2\/comments?post=499"}],"version-history":[{"count":1,"href":"https:\/\/anaarizaga.projectes.biz\/ca\/wp-json\/wp\/v2\/pages\/499\/revisions"}],"predecessor-version":[{"id":501,"href":"https:\/\/anaarizaga.projectes.biz\/ca\/wp-json\/wp\/v2\/pages\/499\/revisions\/501"}],"wp:attachment":[{"href":"https:\/\/anaarizaga.projectes.biz\/ca\/wp-json\/wp\/v2\/media?parent=499"}],"curies":[{"name":"wp","href":"https:\/\/api.w.org\/{rel}","templated":true}]}}