{"id":490,"date":"2025-02-27T09:12:41","date_gmt":"2025-02-27T08:12:41","guid":{"rendered":"https:\/\/anaarizaga.projectes.biz\/politica-de-privacidad\/"},"modified":"2025-03-19T10:56:56","modified_gmt":"2025-03-19T09:56:56","slug":"politica-de-privacitat","status":"publish","type":"page","link":"https:\/\/anaarizaga.projectes.biz\/ca\/politica-de-privacitat\/","title":{"rendered":"Pol\u00edtica de privacitat"},"content":{"rendered":"<style>.kb-row-layout-wrap.wp-block-kadence-rowlayout.kb-row-layout-id490_10243c-6b{margin-bottom:0px;}.kb-row-layout-id490_10243c-6b > .kt-row-column-wrap{align-content:start;}:where(.kb-row-layout-id490_10243c-6b > .kt-row-column-wrap) > .wp-block-kadence-column{justify-content:start;}.kb-row-layout-id490_10243c-6b > .kt-row-column-wrap{column-gap:var(--global-kb-gap-md, 2rem);row-gap:var(--global-kb-gap-md, 2rem);padding-top:0px;padding-bottom:0px;}.kb-row-layout-id490_10243c-6b > .kt-row-column-wrap > div:not(.added-for-specificity){grid-column:initial;}.kb-row-layout-id490_10243c-6b > .kt-row-column-wrap{grid-template-columns:minmax(0, 1fr) minmax(0, 6fr) minmax(0, 1fr);}.kb-row-layout-id490_10243c-6b > .kt-row-layout-overlay{opacity:0.30;}@media all and (max-width: 1024px){.kb-row-layout-id490_10243c-6b > .kt-row-column-wrap > div:not(.added-for-specificity){grid-column:initial;}}@media all and (max-width: 1024px){.kb-row-layout-id490_10243c-6b > .kt-row-column-wrap{grid-template-columns:minmax(0, 1fr);}}@media all and (max-width: 767px){.kb-row-layout-id490_10243c-6b > .kt-row-column-wrap > div:not(.added-for-specificity){grid-column:initial;}.kb-row-layout-id490_10243c-6b > .kt-row-column-wrap{grid-template-columns:minmax(0, 1fr);}}<\/style><div class=\"kb-row-layout-wrap kb-row-layout-id490_10243c-6b alignnone wp-block-kadence-rowlayout\"><div class=\"kt-row-column-wrap kt-has-3-columns kt-row-layout-center-exwide kt-tab-layout-row kt-mobile-layout-row kt-row-valign-top\">\n<style>.kadence-column490_2cafc2-bf > .kt-inside-inner-col,.kadence-column490_2cafc2-bf > .kt-inside-inner-col:before{border-top-left-radius:0px;border-top-right-radius:0px;border-bottom-right-radius:0px;border-bottom-left-radius:0px;}.kadence-column490_2cafc2-bf > .kt-inside-inner-col{column-gap:var(--global-kb-gap-sm, 1rem);}.kadence-column490_2cafc2-bf > .kt-inside-inner-col{flex-direction:column;}.kadence-column490_2cafc2-bf > .kt-inside-inner-col > .aligncenter{width:100%;}.kadence-column490_2cafc2-bf > .kt-inside-inner-col:before{opacity:0.3;}.kadence-column490_2cafc2-bf{position:relative;}@media all and (max-width: 1024px){.kadence-column490_2cafc2-bf > .kt-inside-inner-col{flex-direction:column;}}@media all and (max-width: 767px){.kadence-column490_2cafc2-bf > .kt-inside-inner-col{flex-direction:column;}}<\/style>\n<div class=\"wp-block-kadence-column kadence-column490_2cafc2-bf kvs-md-false kvs-sm-false\"><div class=\"kt-inside-inner-col\"><\/div><\/div>\n\n\n<style>.kadence-column490_577a29-f0 > .kt-inside-inner-col,.kadence-column490_577a29-f0 > .kt-inside-inner-col:before{border-top-left-radius:0px;border-top-right-radius:0px;border-bottom-right-radius:0px;border-bottom-left-radius:0px;}.kadence-column490_577a29-f0 > .kt-inside-inner-col{column-gap:var(--global-kb-gap-sm, 1rem);}.kadence-column490_577a29-f0 > .kt-inside-inner-col{flex-direction:column;}.kadence-column490_577a29-f0 > .kt-inside-inner-col > .aligncenter{width:100%;}.kadence-column490_577a29-f0 > .kt-inside-inner-col:before{opacity:0.3;}.kadence-column490_577a29-f0{position:relative;}@media all and (max-width: 1024px){.kadence-column490_577a29-f0 > .kt-inside-inner-col{flex-direction:column;}}@media all and (max-width: 767px){.kadence-column490_577a29-f0 > .kt-inside-inner-col{flex-direction:column;}}<\/style>\n<div class=\"wp-block-kadence-column kadence-column490_577a29-f0\"><div class=\"kt-inside-inner-col\"><h1 class=\"wp-block-post-title\">Pol\u00edtica de privacitat<\/h1>\n\n<style>.wp-block-kadence-spacer.kt-block-spacer-490_474d19-67 .kt-block-spacer{height:6px;}.wp-block-kadence-spacer.kt-block-spacer-490_474d19-67 .kt-divider{border-top-width:1px;height:1px;border-top-color:#eee;width:80%;border-top-style:solid;}<\/style>\n<div class=\"wp-block-kadence-spacer aligncenter kt-block-spacer-490_474d19-67 kvs-md-false kvs-sm-false\"><div class=\"kt-block-spacer kt-block-spacer-halign-center\"><\/div><\/div>\n\n\n<style>.wp-block-kadence-advancedheading.kt-adv-heading490_5af5ef-0b, .wp-block-kadence-advancedheading.kt-adv-heading490_5af5ef-0b[data-kb-block=\"kb-adv-heading490_5af5ef-0b\"]{font-style:normal;}.wp-block-kadence-advancedheading.kt-adv-heading490_5af5ef-0b mark.kt-highlight, .wp-block-kadence-advancedheading.kt-adv-heading490_5af5ef-0b[data-kb-block=\"kb-adv-heading490_5af5ef-0b\"] mark.kt-highlight{font-style:normal;color:#f76a0c;-webkit-box-decoration-break:clone;box-decoration-break:clone;padding-top:0px;padding-right:0px;padding-bottom:0px;padding-left:0px;}<\/style>\n<h2 class=\"kt-adv-heading490_5af5ef-0b h4 wp-block-kadence-advancedheading\" data-kb-block=\"kb-adv-heading490_5af5ef-0b\">Qui \u00e9s el responsable del tractament de les teves dades personals?<\/h2>\n\n\n\n<p>Denominaci\u00f3: Dra. Ana Ar\u00edzaga<br>Adre\u00e7a: c\/ Miquel Biada 119, bj &#8211; 08302 &#8211; Matar\u00f3 &#8211; Barcelona<br>Tel\u00e8fon: 93 198 02 02<br>Correu electr\u00f2nic: &#x69;&#110;f&#x6f;&#64;m&#x64;&#116;d&#x65;&#110;t&#x61;&#108;&#46;&#x65;&#115;<\/p>\n\n\n<style>.wp-block-kadence-advancedheading.kt-adv-heading490_85536a-01, .wp-block-kadence-advancedheading.kt-adv-heading490_85536a-01[data-kb-block=\"kb-adv-heading490_85536a-01\"]{font-style:normal;}.wp-block-kadence-advancedheading.kt-adv-heading490_85536a-01 mark.kt-highlight, .wp-block-kadence-advancedheading.kt-adv-heading490_85536a-01[data-kb-block=\"kb-adv-heading490_85536a-01\"] mark.kt-highlight{font-style:normal;color:#f76a0c;-webkit-box-decoration-break:clone;box-decoration-break:clone;padding-top:0px;padding-right:0px;padding-bottom:0px;padding-left:0px;}<\/style>\n<h2 class=\"kt-adv-heading490_85536a-01 h4 wp-block-kadence-advancedheading\" data-kb-block=\"kb-adv-heading490_85536a-01\">Qui \u00e9s i qu\u00e8 fa el Delegat de Protecci\u00f3 de Dades?<\/h2>\n\n\n\n<p>El Delegat de Protecci\u00f3 de Dades \u00e9s el responsable de vetllar diligentment pel compliment de la normativa de protecci\u00f3 de dades. Pots contactar-hi a trav\u00e9s del seg\u00fcent correu electr\u00f2nic:\u00a0dpd&#64;utpr&#46;es<\/p>\n\n\n<style>.wp-block-kadence-advancedheading.kt-adv-heading490_f8ba1a-e2, .wp-block-kadence-advancedheading.kt-adv-heading490_f8ba1a-e2[data-kb-block=\"kb-adv-heading490_f8ba1a-e2\"]{font-style:normal;}.wp-block-kadence-advancedheading.kt-adv-heading490_f8ba1a-e2 mark.kt-highlight, .wp-block-kadence-advancedheading.kt-adv-heading490_f8ba1a-e2[data-kb-block=\"kb-adv-heading490_f8ba1a-e2\"] mark.kt-highlight{font-style:normal;color:#f76a0c;-webkit-box-decoration-break:clone;box-decoration-break:clone;padding-top:0px;padding-right:0px;padding-bottom:0px;padding-left:0px;}<\/style>\n<h2 class=\"kt-adv-heading490_f8ba1a-e2 h4 wp-block-kadence-advancedheading\" data-kb-block=\"kb-adv-heading490_f8ba1a-e2\">Principis que aplicarem a la teva informaci\u00f3 personal<\/h2>\n\n\n\n<p>En el tractament de les teves dades personals, aplicarem els seg\u00fcents principis d\u2019acord amb les exig\u00e8ncies del nou Reglament Europeu de Protecci\u00f3 de Dades:<\/p>\n\n\n\n<ul class=\"wp-block-list\">\n<li>Principi de licitud, lleialtat i transpar\u00e8ncia: Sempre requerirem el teu consentiment per al tractament de les teves dades personals per a un o diversos fins espec\u00edfics, que t\u2019informarem pr\u00e8viament amb absoluta transpar\u00e8ncia. <\/li>\n\n\n\n<li>Principi de minimitzaci\u00f3 de dades: Nom\u00e9s sol\u00b7licitarem les dades estrictament necess\u00e0ries en relaci\u00f3 amb les finalitats per a les quals les requerim. <\/li>\n\n\n\n<li>Principi de limitaci\u00f3 del termini de conservaci\u00f3: Les dades es mantindran a la nostra base de dades durant el temps estrictament necessari per a la finalitat del tractament. En funci\u00f3 de la finalitat, t\u2019informarem del termini de conservaci\u00f3 corresponent. <\/li>\n\n\n\n<li>Principi d\u2019integritat i confidencialitat: Les teves dades seran tractades de manera que es garanteixi una seguretat adequada i la seva confidencialitat.<\/li>\n\n\n\n<li>Prendrem totes les precaucions necess\u00e0ries per evitar l\u2019acc\u00e9s no autoritzat o l\u2019\u00fas indegut de les dades per part de tercers.<\/li>\n<\/ul>\n\n\n<style>.wp-block-kadence-advancedheading.kt-adv-heading490_f52734-14, .wp-block-kadence-advancedheading.kt-adv-heading490_f52734-14[data-kb-block=\"kb-adv-heading490_f52734-14\"]{font-style:normal;}.wp-block-kadence-advancedheading.kt-adv-heading490_f52734-14 mark.kt-highlight, .wp-block-kadence-advancedheading.kt-adv-heading490_f52734-14[data-kb-block=\"kb-adv-heading490_f52734-14\"] mark.kt-highlight{font-style:normal;color:#f76a0c;-webkit-box-decoration-break:clone;box-decoration-break:clone;padding-top:0px;padding-right:0px;padding-bottom:0px;padding-left:0px;}<\/style>\n<h2 class=\"kt-adv-heading490_f52734-14 h4 wp-block-kadence-advancedheading\" data-kb-block=\"kb-adv-heading490_f52734-14\">Com hem obtingut les teves dades?<\/h2>\n\n\n\n<p>La base legal per al tractament de les teves dades \u00e9s el consentiment lliure, espec\u00edfic, informat i inequ\u00edvoc, amb la finalitat de l\u2019execuci\u00f3 del contracte de prestaci\u00f3 de serveis dentals formalitzat mitjan\u00e7ant l\u2019acceptaci\u00f3 del pressupost o, si escau, l\u2019elaboraci\u00f3 d\u2019un pressupost previ.<\/p>\n\n\n\n<p>Excepcionalment, i sempre amb el teu consentiment previ, podrien haver-se obtingut per altres mitjans.<\/p>\n\n\n<style>.wp-block-kadence-advancedheading.kt-adv-heading490_d00468-c2, .wp-block-kadence-advancedheading.kt-adv-heading490_d00468-c2[data-kb-block=\"kb-adv-heading490_d00468-c2\"]{font-style:normal;}.wp-block-kadence-advancedheading.kt-adv-heading490_d00468-c2 mark.kt-highlight, .wp-block-kadence-advancedheading.kt-adv-heading490_d00468-c2[data-kb-block=\"kb-adv-heading490_d00468-c2\"] mark.kt-highlight{font-style:normal;color:#f76a0c;-webkit-box-decoration-break:clone;box-decoration-break:clone;padding-top:0px;padding-right:0px;padding-bottom:0px;padding-left:0px;}<\/style>\n<h2 class=\"kt-adv-heading490_d00468-c2 h4 wp-block-kadence-advancedheading\" data-kb-block=\"kb-adv-heading490_d00468-c2\">Quines dades personals tractem?<\/h2>\n\n\n\n<p>Les dades personals que tractem, segons els serveis contractats, poden ser:<\/p>\n\n\n\n<ul class=\"wp-block-list\">\n<li>Nom i cognoms<\/li>\n\n\n\n<li>Adre\u00e7a postal<\/li>\n\n\n\n<li>NIF<\/li>\n\n\n\n<li>Tel\u00e8fon<\/li>\n\n\n\n<li>Correu electr\u00f2nic<\/li>\n\n\n\n<li>Radiografies dentals (periapical, aleta de mossegada, cefalometria o telerradiografia, TAC dental, ortopantomografia)<\/li>\n\n\n\n<li>Dades de salut obtingudes de converses amb tu<\/li>\n\n\n\n<li>Dades relatives a l\u2019asseguran\u00e7a m\u00e8dica<\/li>\n<\/ul>\n\n\n<style>.wp-block-kadence-advancedheading.kt-adv-heading490_4bcb38-01, .wp-block-kadence-advancedheading.kt-adv-heading490_4bcb38-01[data-kb-block=\"kb-adv-heading490_4bcb38-01\"]{font-style:normal;}.wp-block-kadence-advancedheading.kt-adv-heading490_4bcb38-01 mark.kt-highlight, .wp-block-kadence-advancedheading.kt-adv-heading490_4bcb38-01[data-kb-block=\"kb-adv-heading490_4bcb38-01\"] mark.kt-highlight{font-style:normal;color:#f76a0c;-webkit-box-decoration-break:clone;box-decoration-break:clone;padding-top:0px;padding-right:0px;padding-bottom:0px;padding-left:0px;}<\/style>\n<h2 class=\"kt-adv-heading490_4bcb38-01 h4 wp-block-kadence-advancedheading\" data-kb-block=\"kb-adv-heading490_4bcb38-01\">Amb quin objectiu tractem les teves dades personals?<\/h2>\n\n\n\n<p>Tractem les teves dades personals amb la finalitat principal de recollir les teves dades de salut per facilitar-te la millor assist\u00e8ncia sanit\u00e0ria, deixant const\u00e0ncia de tota aquella informaci\u00f3 que, sota criteri m\u00e8dic, permeti con\u00e8ixer de manera vera\u00e7 i actualitzada el teu estat de salut i que sigui rellevant per al tractament odontol\u00f2gic a realitzar.<\/p>\n\n\n\n<p>A m\u00e9s, tamb\u00e9 tractem les teves dades per a la gesti\u00f3 de serveis addicionals relacionats amb l\u2019assist\u00e8ncia sanit\u00e0ria (laboratoris d\u2019an\u00e0lisis, prot\u00e8tics), la relaci\u00f3 amb la teva entitat asseguradora o m\u00fatua, i per a la gesti\u00f3 comptable i fiscal, en particular, la facturaci\u00f3 dels serveis prestats.<\/p>\n\n\n\n<p>Aix\u00ed mateix, sempre que tinguem el teu consentiment previ, podrem tractar les teves dades per a activitats de m\u00e0rqueting i per a l\u2019enviament de comunicacions comercials per mitjans electr\u00f2nics.<\/p>\n\n\n<style>.wp-block-kadence-advancedheading.kt-adv-heading490_7515af-bf, .wp-block-kadence-advancedheading.kt-adv-heading490_7515af-bf[data-kb-block=\"kb-adv-heading490_7515af-bf\"]{font-style:normal;}.wp-block-kadence-advancedheading.kt-adv-heading490_7515af-bf mark.kt-highlight, .wp-block-kadence-advancedheading.kt-adv-heading490_7515af-bf[data-kb-block=\"kb-adv-heading490_7515af-bf\"] mark.kt-highlight{font-style:normal;color:#f76a0c;-webkit-box-decoration-break:clone;box-decoration-break:clone;padding-top:0px;padding-right:0px;padding-bottom:0px;padding-left:0px;}<\/style>\n<h2 class=\"kt-adv-heading490_7515af-bf h4 wp-block-kadence-advancedheading\" data-kb-block=\"kb-adv-heading490_7515af-bf\">Quan i per quin motiu podem facilitar les teves dades a tercers?<\/h2>\n\n\n\n<p>Les teves dades personals podran ser cedides als seg\u00fcents destinataris per les raons indicades:<\/p>\n\n\n\n<ul class=\"wp-block-list\">\n<li>Administracions p\u00fabliques: Per al compliment de les obligacions legals derivades de la nostra activitat.<\/li>\n\n\n\n<li>M\u00fatues i companyies d\u2019assegurances: En cas que accedeixis als nostres serveis a trav\u00e9s d\u2019una asseguran\u00e7a m\u00e8dica, \u00fanicament per gestionar la facturaci\u00f3 i cobrament dels serveis prestats.<\/li>\n\n\n\n<li>Laboratoris d\u2019an\u00e0lisi, prot\u00e8tics dentals i similars: Amb l\u2019\u00fanica finalitat de dur a terme el tractament odontol\u00f2gic contractat.<\/li>\n\n\n\n<li>Professionals sanitaris col\u00b7laboradors de la cl\u00ednica: Amb l\u2019\u00fanica finalitat de poder realitzar el tractament odontol\u00f2gic contractat. En tot cas, les dades no surten mai de la cl\u00ednica.<\/li>\n\n\n\n<li>Gestoria fiscal i comptable: Amb la finalitat de gestionar la nostra comptabilitat (emissi\u00f3 de factures, presentaci\u00f3 d\u2019impostos i obligacions mercantils).<\/li>\n<\/ul>\n\n\n<style>.wp-block-kadence-advancedheading.kt-adv-heading490_dccd3a-58, .wp-block-kadence-advancedheading.kt-adv-heading490_dccd3a-58[data-kb-block=\"kb-adv-heading490_dccd3a-58\"]{font-style:normal;}.wp-block-kadence-advancedheading.kt-adv-heading490_dccd3a-58 mark.kt-highlight, .wp-block-kadence-advancedheading.kt-adv-heading490_dccd3a-58[data-kb-block=\"kb-adv-heading490_dccd3a-58\"] mark.kt-highlight{font-style:normal;color:#f76a0c;-webkit-box-decoration-break:clone;box-decoration-break:clone;padding-top:0px;padding-right:0px;padding-bottom:0px;padding-left:0px;}<\/style>\n<h2 class=\"kt-adv-heading490_dccd3a-58 h4 wp-block-kadence-advancedheading\" data-kb-block=\"kb-adv-heading490_dccd3a-58\">Transfer\u00e8ncies internacionals de dades<\/h2>\n\n\n\n<p>En cap cas transferim les teves dades personals a cap persona o entitat, ni dins ni fora de l\u2019Espai Econ\u00f2mic Europeu (EEE).<\/p>\n\n\n<style>.wp-block-kadence-advancedheading.kt-adv-heading490_275b3e-ed, .wp-block-kadence-advancedheading.kt-adv-heading490_275b3e-ed[data-kb-block=\"kb-adv-heading490_275b3e-ed\"]{font-style:normal;}.wp-block-kadence-advancedheading.kt-adv-heading490_275b3e-ed mark.kt-highlight, .wp-block-kadence-advancedheading.kt-adv-heading490_275b3e-ed[data-kb-block=\"kb-adv-heading490_275b3e-ed\"] mark.kt-highlight{font-style:normal;color:#f76a0c;-webkit-box-decoration-break:clone;box-decoration-break:clone;padding-top:0px;padding-right:0px;padding-bottom:0px;padding-left:0px;}<\/style>\n<h2 class=\"kt-adv-heading490_275b3e-ed h4 wp-block-kadence-advancedheading\" data-kb-block=\"kb-adv-heading490_275b3e-ed\">Quant de temps guardem les teves dades personals?<\/h2>\n\n\n\n<ul class=\"wp-block-list\">\n<li>Historial cl\u00ednic: Els terminis legalment establerts per aquest tipus de documentaci\u00f3, que actualment s\u00f3n 15 anys. <\/li>\n\n\n\n<li>Altres dades personals (nom, cognoms, adre\u00e7a postal, NIF): Els terminis establerts per la legislaci\u00f3 fiscal i mercantil.<\/li>\n<\/ul>\n\n\n<style>.wp-block-kadence-advancedheading.kt-adv-heading490_e5f66b-3f, .wp-block-kadence-advancedheading.kt-adv-heading490_e5f66b-3f[data-kb-block=\"kb-adv-heading490_e5f66b-3f\"]{font-style:normal;}.wp-block-kadence-advancedheading.kt-adv-heading490_e5f66b-3f mark.kt-highlight, .wp-block-kadence-advancedheading.kt-adv-heading490_e5f66b-3f[data-kb-block=\"kb-adv-heading490_e5f66b-3f\"] mark.kt-highlight{font-style:normal;color:#f76a0c;-webkit-box-decoration-break:clone;box-decoration-break:clone;padding-top:0px;padding-right:0px;padding-bottom:0px;padding-left:0px;}<\/style>\n<h2 class=\"kt-adv-heading490_e5f66b-3f h4 wp-block-kadence-advancedheading\" data-kb-block=\"kb-adv-heading490_e5f66b-3f\">Quins s\u00f3n els teus drets?<\/h2>\n\n\n\n<p>Tota persona t\u00e9 dret a obtenir confirmaci\u00f3 sobre si estem tractant dades personals que la concerneixin.<\/p>\n\n\n\n<p>Els interessats tenen dret a:<\/p>\n\n\n\n<ul class=\"wp-block-list\">\n<li>Sol\u00b7licitar l\u2019acc\u00e9s a les seves dades personals. <\/li>\n\n\n\n<li>Sol\u00b7licitar la seva rectificaci\u00f3 o supressi\u00f3. <\/li>\n\n\n\n<li>Sol\u00b7licitar la limitaci\u00f3 del tractament. <\/li>\n\n\n\n<li>Oposar-se al tractament. <\/li>\n\n\n\n<li>Sol\u00b7licitar la portabilitat de les dades.<\/li>\n<\/ul>\n\n\n\n<p>Disposem dels models corresponents perqu\u00e8 puguis exercir els teus drets.<\/p>\n\n\n\n<p>Els interessats poden accedir a les seves dades personals i sol\u00b7licitar la rectificaci\u00f3 de dades inexactes o, si escau, la supressi\u00f3 quan les dades ja no siguin necess\u00e0ries per a la finalitat per a la qual van ser recollides.<\/p>\n\n\n\n<p>En determinades circumst\u00e0ncies, els interessats podran sol\u00b7licitar la limitaci\u00f3 del tractament de les seves dades, en aquest cas \u00fanicament es conservaran per a l\u2019exercici o la defensa de reclamacions.<\/p>\n\n\n\n<p>En determinades circumst\u00e0ncies i per motius relacionats amb la seva situaci\u00f3 particular, els interessats podran oposar-se al tractament de les seves dades.<\/p>\n\n\n\n<p>Els interessats tamb\u00e9 tenen dret a la tutela judicial efectiva i a presentar una reclamaci\u00f3 davant l\u2019Ag\u00e8ncia Espanyola de Protecci\u00f3 de Dades si consideren que el tractament de les seves dades infringeix el Reglament Europeu de Protecci\u00f3 de Dades.<\/p>\n<\/div><\/div>\n\n\n<style>.kadence-column490_eaed12-9a > .kt-inside-inner-col,.kadence-column490_eaed12-9a > .kt-inside-inner-col:before{border-top-left-radius:0px;border-top-right-radius:0px;border-bottom-right-radius:0px;border-bottom-left-radius:0px;}.kadence-column490_eaed12-9a > .kt-inside-inner-col{column-gap:var(--global-kb-gap-sm, 1rem);}.kadence-column490_eaed12-9a > .kt-inside-inner-col{flex-direction:column;}.kadence-column490_eaed12-9a > .kt-inside-inner-col > .aligncenter{width:100%;}.kadence-column490_eaed12-9a > .kt-inside-inner-col:before{opacity:0.3;}.kadence-column490_eaed12-9a{position:relative;}@media all and (max-width: 1024px){.kadence-column490_eaed12-9a > .kt-inside-inner-col{flex-direction:column;}}@media all and (max-width: 767px){.kadence-column490_eaed12-9a > .kt-inside-inner-col{flex-direction:column;}}<\/style>\n<div class=\"wp-block-kadence-column kadence-column490_eaed12-9a kvs-md-false kvs-sm-false\"><div class=\"kt-inside-inner-col\"><\/div><\/div>\n\n<\/div><\/div>","protected":false},"excerpt":{"rendered":"<p>Qui \u00e9s el responsable del tractament de les teves dades personals? Denominaci\u00f3: Dra. Ana Ar\u00edzagaAdre\u00e7a: c\/ Miquel Biada 119, bj &#8211; 08302 &#8211; Matar\u00f3 &#8211; BarcelonaTel\u00e8fon: 93 198 02 02Correu electr\u00f2nic: Qui \u00e9s i qu\u00e8 fa el Delegat de Protecci\u00f3 de Dades? El Delegat de Protecci\u00f3 de Dades \u00e9s el responsable de vetllar diligentment pel &hellip;<\/p>\n","protected":false},"author":1,"featured_media":0,"parent":0,"menu_order":0,"comment_status":"closed","ping_status":"closed","template":"templates\/template-builder.php","meta":{"inline_featured_image":false,"_kad_blocks_custom_css":"","_kad_blocks_head_custom_js":"","_kad_blocks_body_custom_js":"","_kad_blocks_footer_custom_js":"","footnotes":""},"class_list":["post-490","page","type-page","status-publish","hentry","post","without-featured-image"],"taxonomy_info":[],"featured_image_src_large":false,"author_info":{"display_name":"admin","author_link":"https:\/\/anaarizaga.projectes.biz\/ca\/author\/server_4driiaoc\/"},"comment_info":0,"_links":{"self":[{"href":"https:\/\/anaarizaga.projectes.biz\/ca\/wp-json\/wp\/v2\/pages\/490","targetHints":{"allow":["GET"]}}],"collection":[{"href":"https:\/\/anaarizaga.projectes.biz\/ca\/wp-json\/wp\/v2\/pages"}],"about":[{"href":"https:\/\/anaarizaga.projectes.biz\/ca\/wp-json\/wp\/v2\/types\/page"}],"author":[{"embeddable":true,"href":"https:\/\/anaarizaga.projectes.biz\/ca\/wp-json\/wp\/v2\/users\/1"}],"replies":[{"embeddable":true,"href":"https:\/\/anaarizaga.projectes.biz\/ca\/wp-json\/wp\/v2\/comments?post=490"}],"version-history":[{"count":5,"href":"https:\/\/anaarizaga.projectes.biz\/ca\/wp-json\/wp\/v2\/pages\/490\/revisions"}],"predecessor-version":[{"id":497,"href":"https:\/\/anaarizaga.projectes.biz\/ca\/wp-json\/wp\/v2\/pages\/490\/revisions\/497"}],"wp:attachment":[{"href":"https:\/\/anaarizaga.projectes.biz\/ca\/wp-json\/wp\/v2\/media?parent=490"}],"curies":[{"name":"wp","href":"https:\/\/api.w.org\/{rel}","templated":true}]}}