{"id":421,"date":"2025-03-03T13:11:48","date_gmt":"2025-03-03T12:11:48","guid":{"rendered":"https:\/\/anaarizaga.projectes.biz\/tratamientos\/"},"modified":"2025-03-17T12:45:44","modified_gmt":"2025-03-17T11:45:44","slug":"tractaments","status":"publish","type":"page","link":"https:\/\/anaarizaga.projectes.biz\/ca\/tractaments\/","title":{"rendered":"Tractaments"},"content":{"rendered":"<style>.kb-row-layout-wrap.wp-block-kadence-rowlayout.kb-row-layout-id421_11f02d-95{margin-bottom:135px;}.kb-row-layout-id421_11f02d-95 > .kt-row-column-wrap{align-content:start;}:where(.kb-row-layout-id421_11f02d-95 > .kt-row-column-wrap) > .wp-block-kadence-column{justify-content:start;}.kb-row-layout-id421_11f02d-95 > .kt-row-column-wrap{column-gap:96px;row-gap:var(--global-kb-gap-md, 2rem);padding-top:0px;padding-bottom:0px;grid-template-columns:repeat(2, minmax(0, 1fr));}.kb-row-layout-id421_11f02d-95 > .kt-row-layout-overlay{opacity:0.30;}@media all and (max-width: 1024px){.kb-row-layout-wrap.wp-block-kadence-rowlayout.kb-row-layout-id421_11f02d-95{margin-bottom:64px;}}@media all and (max-width: 1024px){.kb-row-layout-id421_11f02d-95 > .kt-row-column-wrap{row-gap:80px;grid-template-columns:minmax(0, 1fr);}}@media all and (max-width: 1024px){.kb-row-layout-id421_11f02d-95 > .kt-row-column-wrap > .wp-block-kadence-column:nth-of-type(1){order:2;}}@media all and (max-width: 1024px){.kb-row-layout-id421_11f02d-95 > .kt-row-column-wrap > .wp-block-kadence-column:nth-of-type(2){order:1;}}@media all and (max-width: 1024px){.kb-row-layout-id421_11f02d-95 > .kt-row-column-wrap > .wp-block-kadence-column:nth-of-type(3){order:12;}}@media all and (max-width: 1024px){.kb-row-layout-id421_11f02d-95 > .kt-row-column-wrap > .wp-block-kadence-column:nth-of-type(4){order:11;}}@media all and (max-width: 1024px){.kb-row-layout-id421_11f02d-95 > .kt-row-column-wrap > .wp-block-kadence-column:nth-of-type(5){order:22;}}@media all and (max-width: 1024px){.kb-row-layout-id421_11f02d-95 > .kt-row-column-wrap > .wp-block-kadence-column:nth-of-type(6){order:21;}}@media all and (max-width: 1024px){.kb-row-layout-id421_11f02d-95 > .kt-row-column-wrap > .wp-block-kadence-column:nth-of-type(7){order:32;}}@media all and (max-width: 1024px){.kb-row-layout-id421_11f02d-95 > .kt-row-column-wrap > .wp-block-kadence-column:nth-of-type(8){order:31;}}@media all and (max-width: 767px){.kb-row-layout-id421_11f02d-95 > .kt-row-column-wrap{row-gap:80px;grid-template-columns:minmax(0, 1fr);}.kb-row-layout-id421_11f02d-95 > .kt-row-column-wrap > .wp-block-kadence-column:nth-of-type(1){order:2;}.kb-row-layout-id421_11f02d-95 > .kt-row-column-wrap > .wp-block-kadence-column:nth-of-type(2){order:1;}.kb-row-layout-id421_11f02d-95 > .kt-row-column-wrap > .wp-block-kadence-column:nth-of-type(3){order:12;}.kb-row-layout-id421_11f02d-95 > .kt-row-column-wrap > .wp-block-kadence-column:nth-of-type(4){order:11;}.kb-row-layout-id421_11f02d-95 > .kt-row-column-wrap > .wp-block-kadence-column:nth-of-type(5){order:22;}.kb-row-layout-id421_11f02d-95 > .kt-row-column-wrap > .wp-block-kadence-column:nth-of-type(6){order:21;}.kb-row-layout-id421_11f02d-95 > .kt-row-column-wrap > .wp-block-kadence-column:nth-of-type(7){order:32;}.kb-row-layout-id421_11f02d-95 > .kt-row-column-wrap > .wp-block-kadence-column:nth-of-type(8){order:31;}}<\/style><div class=\"kb-row-layout-wrap kb-row-layout-id421_11f02d-95 alignnone wp-block-kadence-rowlayout\"><div class=\"kt-row-column-wrap kt-has-2-columns kt-row-layout-equal kt-tab-layout-row kt-mobile-layout-row kt-row-valign-top\">\n<style>.kadence-column421_754cdd-b8 > .kt-inside-inner-col,.kadence-column421_754cdd-b8 > .kt-inside-inner-col:before{border-top-left-radius:0px;border-top-right-radius:0px;border-bottom-right-radius:0px;border-bottom-left-radius:0px;}.kadence-column421_754cdd-b8 > .kt-inside-inner-col{column-gap:var(--global-kb-gap-sm, 1rem);}.kadence-column421_754cdd-b8 > .kt-inside-inner-col{flex-direction:column;}.kadence-column421_754cdd-b8 > .kt-inside-inner-col > .aligncenter{width:100%;}.kadence-column421_754cdd-b8 > .kt-inside-inner-col:before{opacity:0.3;}.kadence-column421_754cdd-b8{position:relative;}@media all and (max-width: 1024px){.kadence-column421_754cdd-b8 > .kt-inside-inner-col{flex-direction:column;}}@media all and (max-width: 767px){.kadence-column421_754cdd-b8 > .kt-inside-inner-col{flex-direction:column;}}<\/style>\n<div class=\"wp-block-kadence-column kadence-column421_754cdd-b8\" data-aos=\"fade-up\" data-aos-duration=\"1000\" data-aos-easing=\"ease-out\" data-aos-once=\"true\"><div class=\"kt-inside-inner-col\"><style>.kb-image421_122747-ea .kb-image-has-overlay:after{opacity:0.3;border-top-left-radius:80px;border-top-right-radius:80px;border-bottom-right-radius:80px;border-bottom-left-radius:80px;}.kb-image421_122747-ea img.kb-img, .kb-image421_122747-ea .kb-img img{border-top-left-radius:80px;border-top-right-radius:80px;border-bottom-right-radius:80px;border-bottom-left-radius:80px;}@media all and (max-width: 1024px){.kb-image421_122747-ea.kb-image-is-ratio-size, .kb-image421_122747-ea .kb-image-is-ratio-size{max-width:512px;width:100%;}}@media all and (max-width: 1024px){.kb-image421_122747-ea figure{max-width:512px;}}<\/style>\n<div class=\"wp-block-kadence-image kb-image421_122747-ea imatge--destacada\" data-aos=\"fade\" data-aos-duration=\"1400\" data-aos-easing=\"ease-out\" data-aos-once=\"true\"><figure class=\"aligncenter size-full\"><img loading=\"lazy\" decoding=\"async\" width=\"1368\" height=\"1822\" src=\"https:\/\/anaarizaga.projectes.biz\/wp-content\/uploads\/2025\/03\/tratamientos.webp\" alt=\"Tratamientos\" class=\"kb-img wp-image-85\" srcset=\"https:\/\/anaarizaga.projectes.biz\/wp-content\/uploads\/2025\/03\/tratamientos.webp 1368w, https:\/\/anaarizaga.projectes.biz\/wp-content\/uploads\/2025\/03\/tratamientos-1200x1598.webp 1200w, https:\/\/anaarizaga.projectes.biz\/wp-content\/uploads\/2025\/03\/tratamientos-300x400.webp 300w\" sizes=\"auto, (max-width: 1368px) 100vw, 1368px\" \/><\/figure><\/div>\n<\/div><\/div>\n\n\n<style>.kadence-column421_58e5a8-05 > .kt-inside-inner-col,.kadence-column421_58e5a8-05 > .kt-inside-inner-col:before{border-top-left-radius:0px;border-top-right-radius:0px;border-bottom-right-radius:0px;border-bottom-left-radius:0px;}.kadence-column421_58e5a8-05 > .kt-inside-inner-col{column-gap:var(--global-kb-gap-sm, 1rem);}.kadence-column421_58e5a8-05 > .kt-inside-inner-col{flex-direction:column;}.kadence-column421_58e5a8-05 > .kt-inside-inner-col > .aligncenter{width:100%;}.kadence-column421_58e5a8-05 > .kt-inside-inner-col:before{opacity:0.3;}.kadence-column421_58e5a8-05{position:relative;}@media all and (max-width: 1024px){.kadence-column421_58e5a8-05 > .kt-inside-inner-col{flex-direction:column;}}@media all and (max-width: 767px){.kadence-column421_58e5a8-05 > .kt-inside-inner-col{flex-direction:column;}}<\/style>\n<div class=\"wp-block-kadence-column kadence-column421_58e5a8-05\" data-aos=\"fade-down\" data-aos-duration=\"1000\" data-aos-easing=\"ease-out\" data-aos-once=\"true\"><div class=\"kt-inside-inner-col\"><h1 class=\"wp-block-post-title\">Tractaments<\/h1>\n\n<style>.wp-block-kadence-advancedheading.kt-adv-heading421_d4280b-6d, .wp-block-kadence-advancedheading.kt-adv-heading421_d4280b-6d[data-kb-block=\"kb-adv-heading421_d4280b-6d\"]{font-style:normal;}.wp-block-kadence-advancedheading.kt-adv-heading421_d4280b-6d mark.kt-highlight, .wp-block-kadence-advancedheading.kt-adv-heading421_d4280b-6d[data-kb-block=\"kb-adv-heading421_d4280b-6d\"] mark.kt-highlight{font-style:normal;color:#f76a0c;-webkit-box-decoration-break:clone;box-decoration-break:clone;padding-top:0px;padding-right:0px;padding-bottom:0px;padding-left:0px;}<\/style>\n<h2 class=\"kt-adv-heading421_d4280b-6d h5 wp-block-kadence-advancedheading\" data-kb-block=\"kb-adv-heading421_d4280b-6d\">Oferim tractaments avan\u00e7ats amb materials de qualitat, m\u00ednima intervenci\u00f3 i \u00e8tica professional, garantint salut bucodental i benestar durador.<\/h2>\n\n\n\n<p>Al nostre centre oferim una \u00e0mplia gamma de tractaments odontol\u00f2gics, abastant totes les especialitats en un mateix espai. Treballem amb els millors materials, apliquem les t\u00e8cniques m\u00e9s avan\u00e7ades i utilitzem tecnologia d&#8217;avantguarda per garantir resultats \u00f2ptims i duradors.<\/p>\n\n\n\n<p>Compto amb un equip hum\u00e0 altament experimentat, comprom\u00e8s amb la formaci\u00f3 cont\u00ednua i l&#8217;<strong>excel\u00b7l\u00e8ncia<\/strong> en cada tractament. La nostra filosofia es basa en la <strong>m\u00ednima intervenci\u00f3<\/strong>, prioritzant sempre la preservaci\u00f3 de l&#8217;estructura dental natural. A m\u00e9s, cada procediment es realitza amb la m\u00e0xima <strong>\u00e8tica<\/strong> professional, assegurant una atenci\u00f3 personalitzada i adaptada a les necessitats de cada pacient.<\/p>\n\n\n\n<p>Des de la prevenci\u00f3 fins a la rehabilitaci\u00f3 m\u00e9s avan\u00e7ada, el nostre objectiu \u00e9s oferir solucions eficaces que millorin la salut bucodental i la qualitat de vida de les persones que confien en nosaltres.<\/p>\n<\/div><\/div>\n\n<\/div><\/div>\n\n<style>.kb-row-layout-id421_177357-e3 > .kt-row-column-wrap{align-content:start;}:where(.kb-row-layout-id421_177357-e3 > .kt-row-column-wrap) > .wp-block-kadence-column{justify-content:start;}.kb-row-layout-id421_177357-e3 > .kt-row-column-wrap{column-gap:var(--global-kb-gap-md, 2rem);row-gap:var(--global-kb-gap-md, 2rem);padding-top:0px;padding-bottom:0px;grid-template-columns:minmax(0, 1fr);}.kb-row-layout-id421_177357-e3 > .kt-row-layout-overlay{opacity:0.30;}@media all and (max-width: 1024px){.kb-row-layout-id421_177357-e3 > .kt-row-column-wrap{grid-template-columns:minmax(0, 1fr);}}@media all and (max-width: 767px){.kb-row-layout-id421_177357-e3 > .kt-row-column-wrap{grid-template-columns:minmax(0, 1fr);}}<\/style><div class=\"kb-row-layout-wrap kb-row-layout-id421_177357-e3 alignnone wp-block-kadence-rowlayout\"><div class=\"kt-row-column-wrap kt-has-1-columns kt-row-layout-equal kt-tab-layout-inherit kt-mobile-layout-row kt-row-valign-top\">\n<style>.kadence-column421_38c083-3a > .kt-inside-inner-col,.kadence-column421_38c083-3a > .kt-inside-inner-col:before{border-top-left-radius:0px;border-top-right-radius:0px;border-bottom-right-radius:0px;border-bottom-left-radius:0px;}.kadence-column421_38c083-3a > .kt-inside-inner-col{column-gap:var(--global-kb-gap-sm, 1rem);}.kadence-column421_38c083-3a > .kt-inside-inner-col{flex-direction:column;}.kadence-column421_38c083-3a > .kt-inside-inner-col > .aligncenter{width:100%;}.kadence-column421_38c083-3a > .kt-inside-inner-col:before{opacity:0.3;}.kadence-column421_38c083-3a{position:relative;}@media all and (max-width: 1024px){.kadence-column421_38c083-3a > .kt-inside-inner-col{flex-direction:column;}}@media all and (max-width: 767px){.kadence-column421_38c083-3a > .kt-inside-inner-col{flex-direction:column;}}<\/style>\n<div class=\"wp-block-kadence-column kadence-column421_38c083-3a\"><div class=\"kt-inside-inner-col\">\n<div class=\"wp-block-ultimate-post-post-grid-parent ultp-post-grid-parent\" data-postid=\"421\" data-grids=\"[{&quot;blockId&quot;:&quot;1137ca&quot;,&quot;name&quot;:&quot;ultimate-post_post-grid-1&quot;}]\" data-pagi=\"[]\"><div  class=\"ultp-post-grid-block wp-block-ultimate-post-post-grid-1 ultp-block-1137ca grid--tratamientos\"><div class=\"ultp-block-wrapper\"><div class=\"ultp-loading\"><div class=\"ultp-loading-blocks\" style=\"width:100%;height:100%;\"><div style=\"left: 0;top: 0;animation-delay:0s;\"><\/div><div style=\"left: 21px;top: 0;animation-delay:0.125s;\"><\/div><div style=\"left: 42px;top: 0;animation-delay:0.25s;\"><\/div><div style=\"left: 0;top: 21px;animation-delay:0.875s;\"><\/div><div style=\"left: 42px;top: 21px;animation-delay:0.375s;\"><\/div><div style=\"left: 0;top: 42px;animation-delay:0.75s;\"><\/div><div style=\"left: 42px;top: 42px;animation-delay:0.625s;\"><\/div><div style=\"left: 21px;top: 42px;animation-delay:0.5s;\"><\/div><\/div><\/div><div class=\"ultp-block-items-wrap ultp-block-row ultp-pg1a-style1 ultp-block-column-3 ultp-layout2\"><div class=\"ultp-block-item post-id-417\"><div class=\"ultp-block-content-wrap\"><div class=\"ultp-block-content-image\" style=><\/div><div class=\"ultp-block-content\"><h3 class=\"ultp-block-title \"><a href=\"https:\/\/anaarizaga.projectes.biz\/ca\/endodoncia\/\" >Endod\u00f2ncia<\/a><\/h3><div class=\"ultp-block-excerpt\">La endod\u00f2ncia permet salvar dents danyades sense necessitat d\u2019extracci\u00f3, eliminant infeccions i segellant el conducte per garantir-ne la funcionalitat.<\/div><div class=\"ultp-block-readmore\"><a aria-label=\"Endod\u00f2ncia\" href=\"https:\/\/anaarizaga.projectes.biz\/ca\/endodoncia\/\" >M\u00e9s informaci\u00f3<\/a><\/div><\/div><\/div><\/div><div class=\"ultp-block-item post-id-425\"><div class=\"ultp-block-content-wrap\"><div class=\"ultp-block-content-image\" style=><\/div><div class=\"ultp-block-content\"><h3 class=\"ultp-block-title \"><a href=\"https:\/\/anaarizaga.projectes.biz\/ca\/periodoncia\/\" >Period\u00f2ncia<\/a><\/h3><div class=\"ultp-block-excerpt\">La period\u00f2ncia prev\u00e9 i tracta malalties de les genives com la gingivitis i la periodontitis, evitant la p\u00e8rdua dental i millorant la salut bucodental.<\/div><div class=\"ultp-block-readmore\"><a aria-label=\"Period\u00f2ncia\" href=\"https:\/\/anaarizaga.projectes.biz\/ca\/periodoncia\/\" >M\u00e9s informaci\u00f3<\/a><\/div><\/div><\/div><\/div><div class=\"ultp-block-item post-id-429\"><div class=\"ultp-block-content-wrap\"><div class=\"ultp-block-content-image\" style=><\/div><div class=\"ultp-block-content\"><h3 class=\"ultp-block-title \"><a href=\"https:\/\/anaarizaga.projectes.biz\/ca\/odontopediatria\/\" >Odontopediatria<\/a><\/h3><div class=\"ultp-block-excerpt\">L&#8217;odontopediatria prev\u00e9 c\u00e0ries i corregeix h\u00e0bits orals en infants, assegurant un desenvolupament dental sa i reduint la necessitat d\u2019ortod\u00f2ncia futura.<\/div><div class=\"ultp-block-readmore\"><a aria-label=\"Odontopediatria\" href=\"https:\/\/anaarizaga.projectes.biz\/ca\/odontopediatria\/\" >M\u00e9s informaci\u00f3<\/a><\/div><\/div><\/div><\/div><div class=\"ultp-block-item post-id-433\"><div class=\"ultp-block-content-wrap\"><div class=\"ultp-block-content-image\" style=><\/div><div class=\"ultp-block-content\"><h3 class=\"ultp-block-title \"><a href=\"https:\/\/anaarizaga.projectes.biz\/ca\/protesis-dentals\/\" >Pr\u00f2tesis dentals<\/a><\/h3><div class=\"ultp-block-excerpt\">Les pr\u00f2tesis dentals restauren la funcionalitat i l&#8217;est\u00e8tica del somriure amb opcions fixes o removibles, adaptades a cada pacient per a un resultat natural.<\/div><div class=\"ultp-block-readmore\"><a aria-label=\"Pr\u00f2tesis dentals\" href=\"https:\/\/anaarizaga.projectes.biz\/ca\/protesis-dentals\/\" >M\u00e9s informaci\u00f3<\/a><\/div><\/div><\/div><\/div><div class=\"ultp-block-item post-id-436\"><div class=\"ultp-block-content-wrap\"><div class=\"ultp-block-content-image\" style=><\/div><div class=\"ultp-block-content\"><h3 class=\"ultp-block-title \"><a href=\"https:\/\/anaarizaga.projectes.biz\/ca\/ortodoncia\/\" >Ortod\u00f2ncia<\/a><\/h3><div class=\"ultp-block-excerpt\">L\u2019ortod\u00f2ncia corregeix l\u2019alineaci\u00f3 dental i la mossegada, millorant l\u2019est\u00e8tica i la funci\u00f3 masticat\u00f2ria amb opcions que van des de brackets fins a alineadors invisibles.<\/div><div class=\"ultp-block-readmore\"><a aria-label=\"Ortod\u00f2ncia\" href=\"https:\/\/anaarizaga.projectes.biz\/ca\/ortodoncia\/\" >M\u00e9s informaci\u00f3<\/a><\/div><\/div><\/div><\/div><div class=\"ultp-block-item post-id-439\"><div class=\"ultp-block-content-wrap\"><div class=\"ultp-block-content-image\" style=><\/div><div class=\"ultp-block-content\"><h3 class=\"ultp-block-title \"><a href=\"https:\/\/anaarizaga.projectes.biz\/ca\/ob-rmr-odontologia-biologica-i-rehabilitacio-masticatoria-respiratoria\/\" >OB-RMR (Odontologia Biol\u00f2gica i Rehabilitaci\u00f3 Masticat\u00f2ria-Respirat\u00f2ria)<\/a><\/h3><div class=\"ultp-block-excerpt\">L\u2019odontologia biol\u00f2gica corregeix h\u00e0bits masticatoris i respiratoris, millorant la salut oral, el son i el benestar general amb t\u00e8cniques naturals i efectives.<\/div><div class=\"ultp-block-readmore\"><a aria-label=\"OB-RMR (Odontologia Biol\u00f2gica i Rehabilitaci\u00f3 Masticat\u00f2ria-Respirat\u00f2ria)\" href=\"https:\/\/anaarizaga.projectes.biz\/ca\/ob-rmr-odontologia-biologica-i-rehabilitacio-masticatoria-respiratoria\/\" >M\u00e9s informaci\u00f3<\/a><\/div><\/div><\/div><\/div><div class=\"ultp-block-item post-id-444\"><div class=\"ultp-block-content-wrap\"><div class=\"ultp-block-content-image\" style=><\/div><div class=\"ultp-block-content\"><h3 class=\"ultp-block-title \"><a href=\"https:\/\/anaarizaga.projectes.biz\/ca\/terapia-neural-i-odontologia-neurofocal\/\" >Ter\u00e0pia neural i odontologia neurofocal<\/a><\/h3><div class=\"ultp-block-excerpt\">La ter\u00e0pia neural elimina focus irritatius a la boca, restaurant l\u2019equilibri energ\u00e8tic i millorant la salut general amb t\u00e8cniques com la Proca\u00efna i la kinesiologia.<\/div><div class=\"ultp-block-readmore\"><a aria-label=\"Ter\u00e0pia neural i odontologia neurofocal\" href=\"https:\/\/anaarizaga.projectes.biz\/ca\/terapia-neural-i-odontologia-neurofocal\/\" >M\u00e9s informaci\u00f3<\/a><\/div><\/div><\/div><\/div><div class=\"ultp-block-item post-id-447\"><div class=\"ultp-block-content-wrap\"><div class=\"ultp-block-content-image\" style=><\/div><div class=\"ultp-block-content\"><h3 class=\"ultp-block-title \"><a href=\"https:\/\/anaarizaga.projectes.biz\/ca\/retirada-damalgames\/\" >Retirada d\u2019amalgames<\/a><\/h3><div class=\"ultp-block-excerpt\">Realitzem la retirada d\u2019amalgames amb t\u00e8cniques segures, minimitzant l\u2019exposici\u00f3 al mercuri i substituint-les per empastaments biocompatibles sense BPA.<\/div><div class=\"ultp-block-readmore\"><a aria-label=\"Retirada d\u2019amalgames\" href=\"https:\/\/anaarizaga.projectes.biz\/ca\/retirada-damalgames\/\" >M\u00e9s informaci\u00f3<\/a><\/div><\/div><\/div><\/div><\/div><\/div><div class=\"pagination-block-html\" aria-hidden=\"true\" style=\"display: none;\"><\/div><\/div><\/div>\n<\/div><\/div>\n\n<\/div><\/div>","protected":false},"excerpt":{"rendered":"<p>Oferim tractaments avan\u00e7ats amb materials de qualitat, m\u00ednima intervenci\u00f3 i \u00e8tica professional, garantint salut bucodental i benestar durador.<\/p>\n","protected":false},"author":1,"featured_media":0,"parent":0,"menu_order":0,"comment_status":"closed","ping_status":"closed","template":"templates\/template-builder.php","meta":{"inline_featured_image":false,"_kad_blocks_custom_css":"","_kad_blocks_head_custom_js":"","_kad_blocks_body_custom_js":"","_kad_blocks_footer_custom_js":"","footnotes":""},"class_list":["post-421","page","type-page","status-publish","hentry","post","without-featured-image"],"taxonomy_info":[],"featured_image_src_large":false,"author_info":{"display_name":"admin","author_link":"https:\/\/anaarizaga.projectes.biz\/ca\/author\/server_4driiaoc\/"},"comment_info":0,"_links":{"self":[{"href":"https:\/\/anaarizaga.projectes.biz\/ca\/wp-json\/wp\/v2\/pages\/421","targetHints":{"allow":["GET"]}}],"collection":[{"href":"https:\/\/anaarizaga.projectes.biz\/ca\/wp-json\/wp\/v2\/pages"}],"about":[{"href":"https:\/\/anaarizaga.projectes.biz\/ca\/wp-json\/wp\/v2\/types\/page"}],"author":[{"embeddable":true,"href":"https:\/\/anaarizaga.projectes.biz\/ca\/wp-json\/wp\/v2\/users\/1"}],"replies":[{"embeddable":true,"href":"https:\/\/anaarizaga.projectes.biz\/ca\/wp-json\/wp\/v2\/comments?post=421"}],"version-history":[{"count":1,"href":"https:\/\/anaarizaga.projectes.biz\/ca\/wp-json\/wp\/v2\/pages\/421\/revisions"}],"predecessor-version":[{"id":423,"href":"https:\/\/anaarizaga.projectes.biz\/ca\/wp-json\/wp\/v2\/pages\/421\/revisions\/423"}],"wp:attachment":[{"href":"https:\/\/anaarizaga.projectes.biz\/ca\/wp-json\/wp\/v2\/media?parent=421"}],"curies":[{"name":"wp","href":"https:\/\/api.w.org\/{rel}","templated":true}]}}