{"id":417,"date":"2025-03-03T13:12:09","date_gmt":"2025-03-03T12:12:09","guid":{"rendered":"https:\/\/anaarizaga.projectes.biz\/endodoncia\/"},"modified":"2025-03-17T12:53:31","modified_gmt":"2025-03-17T11:53:31","slug":"endodoncia","status":"publish","type":"page","link":"https:\/\/anaarizaga.projectes.biz\/ca\/endodoncia\/","title":{"rendered":"Endod\u00f2ncia"},"content":{"rendered":"<style>.kb-row-layout-wrap.wp-block-kadence-rowlayout.kb-row-layout-id417_6c51ff-82{margin-bottom:135px;}.kb-row-layout-id417_6c51ff-82 > .kt-row-column-wrap{align-content:start;}:where(.kb-row-layout-id417_6c51ff-82 > .kt-row-column-wrap) > .wp-block-kadence-column{justify-content:start;}.kb-row-layout-id417_6c51ff-82 > .kt-row-column-wrap{column-gap:96px;row-gap:var(--global-kb-gap-md, 2rem);padding-top:0px;padding-bottom:0px;grid-template-columns:repeat(2, minmax(0, 1fr));}.kb-row-layout-id417_6c51ff-82 > .kt-row-layout-overlay{opacity:0.30;}@media all and (max-width: 1024px){.kb-row-layout-wrap.wp-block-kadence-rowlayout.kb-row-layout-id417_6c51ff-82{margin-bottom:64px;}}@media all and (max-width: 1024px){.kb-row-layout-id417_6c51ff-82 > .kt-row-column-wrap{row-gap:64px;grid-template-columns:minmax(0, 1fr);}}@media all and (max-width: 1024px){.kb-row-layout-id417_6c51ff-82 > .kt-row-column-wrap > .wp-block-kadence-column:nth-of-type(1){order:2;}}@media all and (max-width: 1024px){.kb-row-layout-id417_6c51ff-82 > .kt-row-column-wrap > .wp-block-kadence-column:nth-of-type(2){order:1;}}@media all and (max-width: 1024px){.kb-row-layout-id417_6c51ff-82 > .kt-row-column-wrap > .wp-block-kadence-column:nth-of-type(3){order:12;}}@media all and (max-width: 1024px){.kb-row-layout-id417_6c51ff-82 > .kt-row-column-wrap > .wp-block-kadence-column:nth-of-type(4){order:11;}}@media all and (max-width: 1024px){.kb-row-layout-id417_6c51ff-82 > .kt-row-column-wrap > .wp-block-kadence-column:nth-of-type(5){order:22;}}@media all and (max-width: 1024px){.kb-row-layout-id417_6c51ff-82 > .kt-row-column-wrap > .wp-block-kadence-column:nth-of-type(6){order:21;}}@media all and (max-width: 1024px){.kb-row-layout-id417_6c51ff-82 > .kt-row-column-wrap > .wp-block-kadence-column:nth-of-type(7){order:32;}}@media all and (max-width: 1024px){.kb-row-layout-id417_6c51ff-82 > .kt-row-column-wrap > .wp-block-kadence-column:nth-of-type(8){order:31;}}@media all and (max-width: 767px){.kb-row-layout-id417_6c51ff-82 > .kt-row-column-wrap{row-gap:64px;grid-template-columns:minmax(0, 1fr);}.kb-row-layout-id417_6c51ff-82 > .kt-row-column-wrap > .wp-block-kadence-column:nth-of-type(1){order:2;}.kb-row-layout-id417_6c51ff-82 > .kt-row-column-wrap > .wp-block-kadence-column:nth-of-type(2){order:1;}.kb-row-layout-id417_6c51ff-82 > .kt-row-column-wrap > .wp-block-kadence-column:nth-of-type(3){order:12;}.kb-row-layout-id417_6c51ff-82 > .kt-row-column-wrap > .wp-block-kadence-column:nth-of-type(4){order:11;}.kb-row-layout-id417_6c51ff-82 > .kt-row-column-wrap > .wp-block-kadence-column:nth-of-type(5){order:22;}.kb-row-layout-id417_6c51ff-82 > .kt-row-column-wrap > .wp-block-kadence-column:nth-of-type(6){order:21;}.kb-row-layout-id417_6c51ff-82 > .kt-row-column-wrap > .wp-block-kadence-column:nth-of-type(7){order:32;}.kb-row-layout-id417_6c51ff-82 > .kt-row-column-wrap > .wp-block-kadence-column:nth-of-type(8){order:31;}}<\/style><div class=\"kb-row-layout-wrap kb-row-layout-id417_6c51ff-82 alignnone wp-block-kadence-rowlayout\"><div class=\"kt-row-column-wrap kt-has-2-columns kt-row-layout-equal kt-tab-layout-row kt-mobile-layout-row kt-row-valign-top\">\n<style>.kadence-column417_e7829d-cc > .kt-inside-inner-col,.kadence-column417_e7829d-cc > .kt-inside-inner-col:before{border-top-left-radius:0px;border-top-right-radius:0px;border-bottom-right-radius:0px;border-bottom-left-radius:0px;}.kadence-column417_e7829d-cc > .kt-inside-inner-col{column-gap:var(--global-kb-gap-sm, 1rem);}.kadence-column417_e7829d-cc > .kt-inside-inner-col{flex-direction:column;}.kadence-column417_e7829d-cc > .kt-inside-inner-col > .aligncenter{width:100%;}.kadence-column417_e7829d-cc > .kt-inside-inner-col:before{opacity:0.3;}.kadence-column417_e7829d-cc{position:relative;}@media all and (max-width: 1024px){.kadence-column417_e7829d-cc > .kt-inside-inner-col{flex-direction:column;}}@media all and (max-width: 767px){.kadence-column417_e7829d-cc > .kt-inside-inner-col{flex-direction:column;}}<\/style>\n<div class=\"wp-block-kadence-column kadence-column417_e7829d-cc\" data-aos=\"fade-up\" data-aos-duration=\"1000\" data-aos-easing=\"ease-out\" data-aos-once=\"true\"><div class=\"kt-inside-inner-col\"><style>.kb-image417_3c4341-77 .kb-image-has-overlay:after{opacity:0.3;border-top-left-radius:80px;border-top-right-radius:80px;border-bottom-right-radius:80px;border-bottom-left-radius:80px;}.kb-image417_3c4341-77 img.kb-img, .kb-image417_3c4341-77 .kb-img img{border-top-left-radius:80px;border-top-right-radius:80px;border-bottom-right-radius:80px;border-bottom-left-radius:80px;}@media all and (max-width: 1024px){.kb-image417_3c4341-77.kb-image-is-ratio-size, .kb-image417_3c4341-77 .kb-image-is-ratio-size{max-width:512px;width:100%;}}@media all and (max-width: 1024px){.kb-image417_3c4341-77 figure{max-width:512px;}}<\/style>\n<div class=\"wp-block-kadence-image kb-image417_3c4341-77 imatge--destacada\" data-aos=\"fade\" data-aos-duration=\"1400\" data-aos-easing=\"ease-out\" data-aos-once=\"true\"><figure class=\"aligncenter size-full\"><img loading=\"lazy\" decoding=\"async\" width=\"1368\" height=\"1822\" src=\"https:\/\/anaarizaga.projectes.biz\/wp-content\/uploads\/2025\/03\/endodoncia.webp\" alt=\"Endodoncia\" class=\"kb-img wp-image-74\" srcset=\"https:\/\/anaarizaga.projectes.biz\/wp-content\/uploads\/2025\/03\/endodoncia.webp 1368w, https:\/\/anaarizaga.projectes.biz\/wp-content\/uploads\/2025\/03\/endodoncia-1200x1598.webp 1200w, https:\/\/anaarizaga.projectes.biz\/wp-content\/uploads\/2025\/03\/endodoncia-300x400.webp 300w\" sizes=\"auto, (max-width: 1368px) 100vw, 1368px\" \/><\/figure><\/div>\n<\/div><\/div>\n\n\n<style>.kadence-column417_f6cfac-88 > .kt-inside-inner-col,.kadence-column417_f6cfac-88 > .kt-inside-inner-col:before{border-top-left-radius:0px;border-top-right-radius:0px;border-bottom-right-radius:0px;border-bottom-left-radius:0px;}.kadence-column417_f6cfac-88 > .kt-inside-inner-col{column-gap:var(--global-kb-gap-sm, 1rem);}.kadence-column417_f6cfac-88 > .kt-inside-inner-col{flex-direction:column;}.kadence-column417_f6cfac-88 > .kt-inside-inner-col > .aligncenter{width:100%;}.kadence-column417_f6cfac-88 > .kt-inside-inner-col:before{opacity:0.3;}.kadence-column417_f6cfac-88{position:relative;}@media all and (max-width: 1024px){.kadence-column417_f6cfac-88 > .kt-inside-inner-col{flex-direction:column;}}@media all and (max-width: 767px){.kadence-column417_f6cfac-88 > .kt-inside-inner-col{flex-direction:column;}}<\/style>\n<div class=\"wp-block-kadence-column kadence-column417_f6cfac-88\" data-aos=\"fade-down\" data-aos-duration=\"1000\" data-aos-easing=\"ease-out\" data-aos-once=\"true\"><div class=\"kt-inside-inner-col\"><h1 class=\"wp-block-post-title\">Endod\u00f2ncia<\/h1>\n\n<style>.wp-block-kadence-advancedheading.kt-adv-heading417_7fd7de-66, .wp-block-kadence-advancedheading.kt-adv-heading417_7fd7de-66[data-kb-block=\"kb-adv-heading417_7fd7de-66\"]{font-style:normal;}.wp-block-kadence-advancedheading.kt-adv-heading417_7fd7de-66 mark.kt-highlight, .wp-block-kadence-advancedheading.kt-adv-heading417_7fd7de-66[data-kb-block=\"kb-adv-heading417_7fd7de-66\"] mark.kt-highlight{font-style:normal;color:#f76a0c;-webkit-box-decoration-break:clone;box-decoration-break:clone;padding-top:0px;padding-right:0px;padding-bottom:0px;padding-left:0px;}<\/style>\n<h2 class=\"kt-adv-heading417_7fd7de-66 h5 wp-block-kadence-advancedheading\" data-kb-block=\"kb-adv-heading417_7fd7de-66\">La endod\u00f2ncia permet salvar dents danyades sense necessitat d\u2019extracci\u00f3, eliminant infeccions i segellant el conducte per garantir-ne la funcionalitat.<\/h2>\n\n\n\n<p>La endod\u00f2ncia, tamb\u00e9 coneguda com a tractament de conducte, \u00e9s un procediment odontol\u00f2gic que t\u00e9 com a objectiu <strong>conservar una pe\u00e7a dental afectada i evitar-ne l\u2019extracci\u00f3<\/strong>. Es tracta de l\u2019\u00faltima opci\u00f3 per salvar una dent amb infecci\u00f3 o un dany profund, evitant aix\u00ed la necessitat de col\u00b7locar una pr\u00f2tesi o un implant per substituir-la.<\/p>\n\n\n\n<p>El tractament consisteix a accedir al conducte radicular, netejar i desinfectar minuciosament l\u2019interior del nervi amb llimes calibrades, eliminant bacteris i teixit infectat. Posteriorment, el conducte es segella amb un material biocompatible, com la gutaperxa, per impedir la reinfecci\u00f3 i garantir la funcionalitat de la dent a llarg termini. Gr\u00e0cies als aven\u00e7os en t\u00e8cniques i materials, la endod\u00f2ncia \u00e9s un procediment segur i efica\u00e7, permetent als pacients preservar la seva dentici\u00f3 natural i mantenir una salut bucodental \u00f2ptima.<\/p>\n<\/div><\/div>\n\n<\/div><\/div>\n\n<style>.kb-row-layout-wrap.wp-block-kadence-rowlayout.kb-row-layout-id417_6df6b2-c5{margin-bottom:100px;}.kb-row-layout-id417_6df6b2-c5 > .kt-row-column-wrap{align-content:start;}:where(.kb-row-layout-id417_6df6b2-c5 > .kt-row-column-wrap) > .wp-block-kadence-column{justify-content:start;}.kb-row-layout-id417_6df6b2-c5 > .kt-row-column-wrap{column-gap:96px;row-gap:var(--global-kb-gap-md, 2rem);padding-top:0px;padding-bottom:0px;grid-template-columns:minmax(0, 1fr);}.kb-row-layout-id417_6df6b2-c5{border-top-left-radius:80px;border-top-right-radius:80px;border-bottom-right-radius:80px;border-bottom-left-radius:80px;overflow:clip;isolation:isolate;}.kb-row-layout-id417_6df6b2-c5 > .kt-row-layout-overlay{border-top-left-radius:80px;border-top-right-radius:80px;border-bottom-right-radius:80px;border-bottom-left-radius:80px;}.kb-row-layout-id417_6df6b2-c5 > .kt-row-layout-overlay{opacity:0.30;}@media all and (max-width: 1024px){.kb-row-layout-wrap.wp-block-kadence-rowlayout.kb-row-layout-id417_6df6b2-c5{margin-bottom:64px;}}@media all and (max-width: 1024px){.kb-row-layout-id417_6df6b2-c5 > .kt-row-column-wrap{row-gap:0px;grid-template-columns:minmax(0, 1fr);}}@media all and (max-width: 1024px){.kb-row-layout-id417_6df6b2-c5{border-top-left-radius:40px;border-top-right-radius:40px;border-bottom-right-radius:40px;border-bottom-left-radius:40px;}}@media all and (max-width: 1024px){.kb-row-layout-id417_6df6b2-c5 > .kt-row-layout-overlay{border-top-left-radius:40px;border-top-right-radius:40px;border-bottom-right-radius:40px;border-bottom-left-radius:40px;}}@media all and (max-width: 767px){.kb-row-layout-wrap.wp-block-kadence-rowlayout.kb-row-layout-id417_6df6b2-c5{margin-bottom:64px;}.kb-row-layout-id417_6df6b2-c5 > .kt-row-column-wrap{grid-template-columns:minmax(0, 1fr);}}<\/style><div class=\"kb-row-layout-wrap kb-row-layout-id417_6df6b2-c5 alignfull has-white-background-color kt-row-has-bg fila--blanca wp-block-kadence-rowlayout\"><div class=\"kt-row-column-wrap kt-has-1-columns kt-row-layout-equal kt-tab-layout-inherit kt-mobile-layout-row kt-row-valign-top\">\n<style>.kadence-column417_3fe89d-dc > .kt-inside-inner-col{padding-top:1rem;}.kadence-column417_3fe89d-dc > .kt-inside-inner-col,.kadence-column417_3fe89d-dc > .kt-inside-inner-col:before{border-top-left-radius:0px;border-top-right-radius:0px;border-bottom-right-radius:0px;border-bottom-left-radius:0px;}.kadence-column417_3fe89d-dc > .kt-inside-inner-col{column-gap:var(--global-kb-gap-sm, 1rem);}.kadence-column417_3fe89d-dc > .kt-inside-inner-col{flex-direction:column;}.kadence-column417_3fe89d-dc > .kt-inside-inner-col > .aligncenter{width:100%;}.kadence-column417_3fe89d-dc > .kt-inside-inner-col:before{opacity:0.3;}.kadence-column417_3fe89d-dc{position:relative;}@media all and (max-width: 1024px){.kadence-column417_3fe89d-dc > .kt-inside-inner-col{padding-right:2rem;padding-left:2rem;flex-direction:column;}}@media all and (max-width: 767px){.kadence-column417_3fe89d-dc > .kt-inside-inner-col{padding-right:1rem;padding-left:1rem;flex-direction:column;}}<\/style>\n<div class=\"wp-block-kadence-column kadence-column417_3fe89d-dc container\"><div class=\"kt-inside-inner-col\"><style>.kb-row-layout-id417_fbdf6c-40 > .kt-row-column-wrap{align-content:start;}:where(.kb-row-layout-id417_fbdf6c-40 > .kt-row-column-wrap) > .wp-block-kadence-column{justify-content:start;}.kb-row-layout-id417_fbdf6c-40 > .kt-row-column-wrap{column-gap:96px;row-gap:var(--global-kb-gap-md, 2rem);padding-top:0px;padding-bottom:0px;grid-template-columns:minmax(0, 1fr);}.kb-row-layout-id417_fbdf6c-40 > .kt-row-layout-overlay{opacity:0.30;}@media all and (max-width: 1024px){.kb-row-layout-id417_fbdf6c-40 > .kt-row-column-wrap{grid-template-columns:minmax(0, 1fr);}}@media all and (max-width: 767px){.kb-row-layout-id417_fbdf6c-40 > .kt-row-column-wrap{grid-template-columns:minmax(0, 1fr);}}<\/style><div class=\"kb-row-layout-wrap kb-row-layout-id417_fbdf6c-40 alignnone container--columna wp-block-kadence-rowlayout\"><div class=\"kt-row-column-wrap kt-has-1-columns kt-row-layout-equal kt-tab-layout-inherit kt-mobile-layout-row kt-row-valign-top\">\n<style>.kadence-column417_89ba20-ec > .kt-inside-inner-col{padding-right:20%;padding-left:20%;}.kadence-column417_89ba20-ec > .kt-inside-inner-col,.kadence-column417_89ba20-ec > .kt-inside-inner-col:before{border-top-left-radius:0px;border-top-right-radius:0px;border-bottom-right-radius:0px;border-bottom-left-radius:0px;}.kadence-column417_89ba20-ec > .kt-inside-inner-col{column-gap:var(--global-kb-gap-sm, 1rem);}.kadence-column417_89ba20-ec > .kt-inside-inner-col{flex-direction:column;}.kadence-column417_89ba20-ec > .kt-inside-inner-col > .aligncenter{width:100%;}.kadence-column417_89ba20-ec > .kt-inside-inner-col:before{opacity:0.3;}.kadence-column417_89ba20-ec{position:relative;}.kadence-column417_89ba20-ec, .kt-inside-inner-col > .kadence-column417_89ba20-ec:not(.specificity){margin-bottom:3.5rem;}@media all and (max-width: 1024px){.kadence-column417_89ba20-ec > .kt-inside-inner-col{padding-right:0%;padding-left:0%;flex-direction:column;}}@media all and (max-width: 767px){.kadence-column417_89ba20-ec > .kt-inside-inner-col{padding-right:0%;padding-left:0%;flex-direction:column;}}<\/style>\n<div class=\"wp-block-kadence-column kadence-column417_89ba20-ec\"><div class=\"kt-inside-inner-col\"><style>.wp-block-kadence-advancedheading.kt-adv-heading417_355f96-49, .wp-block-kadence-advancedheading.kt-adv-heading417_355f96-49[data-kb-block=\"kb-adv-heading417_355f96-49\"]{text-align:center;font-style:normal;color:#425f6e;}.wp-block-kadence-advancedheading.kt-adv-heading417_355f96-49 mark.kt-highlight, .wp-block-kadence-advancedheading.kt-adv-heading417_355f96-49[data-kb-block=\"kb-adv-heading417_355f96-49\"] mark.kt-highlight{font-style:normal;color:#f76a0c;-webkit-box-decoration-break:clone;box-decoration-break:clone;padding-top:0px;padding-right:0px;padding-bottom:0px;padding-left:0px;}<\/style>\n<h3 class=\"kt-adv-heading417_355f96-49 wp-block-kadence-advancedheading\" data-kb-block=\"kb-adv-heading417_355f96-49\">Qu\u00e8 et sembla, ens veiem? Estar\u00e9 encantada d\u2019atendre\u2019t i d\u2019ajudar-te a cuidar la teva salut bucodental<\/h3>\n\n\n\n<div class=\"wp-block-getwid-button-group\"><div class=\"wp-block-getwid-button-group__wrapper has-alignment-center\">\n<div class=\"wp-block-button\"><a class=\"wp-block-button__link wp-element-button\" href=\"https:\/\/portal.clinicaenlanube.com\/clinicas\/387\/cita_peticiones\/new\" target=\"_blank\" rel=\"noreferrer noopener\">Cita online<\/a><\/div>\n<\/div><\/div>\n<\/div><\/div>\n\n<\/div><\/div><\/div><\/div>\n\n<\/div><\/div>\n\n<style>.kb-row-layout-id417_d2e4c5-62 > .kt-row-column-wrap{align-content:start;}:where(.kb-row-layout-id417_d2e4c5-62 > .kt-row-column-wrap) > .wp-block-kadence-column{justify-content:start;}.kb-row-layout-id417_d2e4c5-62 > .kt-row-column-wrap{column-gap:var(--global-kb-gap-md, 2rem);row-gap:var(--global-kb-gap-md, 2rem);padding-top:0px;padding-bottom:0px;grid-template-columns:minmax(0, 1fr);}.kb-row-layout-id417_d2e4c5-62 > .kt-row-layout-overlay{opacity:0.30;}@media all and (max-width: 1024px){.kb-row-layout-id417_d2e4c5-62 > .kt-row-column-wrap{grid-template-columns:minmax(0, 1fr);}}@media all and (max-width: 767px){.kb-row-layout-id417_d2e4c5-62 > .kt-row-column-wrap{grid-template-columns:minmax(0, 1fr);}}<\/style><div class=\"kb-row-layout-wrap kb-row-layout-id417_d2e4c5-62 alignnone wp-block-kadence-rowlayout\"><div class=\"kt-row-column-wrap kt-has-2-columns kt-row-layout-row kt-tab-layout-inherit kt-mobile-layout-row kt-row-valign-top\">\n<style>.kadence-column417_48aa3c-b8 > .kt-inside-inner-col,.kadence-column417_48aa3c-b8 > .kt-inside-inner-col:before{border-top-left-radius:0px;border-top-right-radius:0px;border-bottom-right-radius:0px;border-bottom-left-radius:0px;}.kadence-column417_48aa3c-b8 > .kt-inside-inner-col{column-gap:var(--global-kb-gap-sm, 1rem);}.kadence-column417_48aa3c-b8 > .kt-inside-inner-col{flex-direction:column;}.kadence-column417_48aa3c-b8 > .kt-inside-inner-col > .aligncenter{width:100%;}.kadence-column417_48aa3c-b8 > .kt-inside-inner-col:before{opacity:0.3;}.kadence-column417_48aa3c-b8{position:relative;}@media all and (max-width: 1024px){.kadence-column417_48aa3c-b8 > .kt-inside-inner-col{flex-direction:column;}}@media all and (max-width: 767px){.kadence-column417_48aa3c-b8 > .kt-inside-inner-col{flex-direction:column;}}<\/style>\n<div class=\"wp-block-kadence-column kadence-column417_48aa3c-b8\"><div class=\"kt-inside-inner-col\"><style>.wp-block-kadence-advancedheading.kt-adv-heading417_1a94e0-1e, .wp-block-kadence-advancedheading.kt-adv-heading417_1a94e0-1e[data-kb-block=\"kb-adv-heading417_1a94e0-1e\"]{text-align:center;font-style:normal;}.wp-block-kadence-advancedheading.kt-adv-heading417_1a94e0-1e mark.kt-highlight, .wp-block-kadence-advancedheading.kt-adv-heading417_1a94e0-1e[data-kb-block=\"kb-adv-heading417_1a94e0-1e\"] mark.kt-highlight{font-style:normal;color:#f76a0c;-webkit-box-decoration-break:clone;box-decoration-break:clone;padding-top:0px;padding-right:0px;padding-bottom:0px;padding-left:0px;}<\/style>\n<h2 class=\"kt-adv-heading417_1a94e0-1e wp-block-kadence-advancedheading\" data-kb-block=\"kb-adv-heading417_1a94e0-1e\">M\u00e9s tractaments<\/h2>\n<\/div><\/div>\n\n\n<style>.kadence-column417_575f26-8b > .kt-inside-inner-col,.kadence-column417_575f26-8b > .kt-inside-inner-col:before{border-top-left-radius:0px;border-top-right-radius:0px;border-bottom-right-radius:0px;border-bottom-left-radius:0px;}.kadence-column417_575f26-8b > .kt-inside-inner-col{column-gap:var(--global-kb-gap-sm, 1rem);}.kadence-column417_575f26-8b > .kt-inside-inner-col{flex-direction:column;}.kadence-column417_575f26-8b > .kt-inside-inner-col > .aligncenter{width:100%;}.kadence-column417_575f26-8b > .kt-inside-inner-col:before{opacity:0.3;}.kadence-column417_575f26-8b{position:relative;}@media all and (max-width: 1024px){.kadence-column417_575f26-8b > .kt-inside-inner-col{flex-direction:column;}}@media all and (max-width: 767px){.kadence-column417_575f26-8b > .kt-inside-inner-col{flex-direction:column;}}<\/style>\n<div class=\"wp-block-kadence-column kadence-column417_575f26-8b\"><div class=\"kt-inside-inner-col\">\n<div class=\"wp-block-ultimate-post-post-grid-parent ultp-post-grid-parent\" data-postid=\"417\" data-grids=\"[{&quot;blockId&quot;:&quot;22af9c&quot;,&quot;name&quot;:&quot;ultimate-post_post-grid-1&quot;}]\" data-pagi=\"[]\"><div  class=\"ultp-post-grid-block wp-block-ultimate-post-post-grid-1 ultp-block-22af9c grid--tratamientos\"><div class=\"ultp-block-wrapper\"><div class=\"ultp-loading\"><div class=\"ultp-loading-blocks\" style=\"width:100%;height:100%;\"><div style=\"left: 0;top: 0;animation-delay:0s;\"><\/div><div style=\"left: 21px;top: 0;animation-delay:0.125s;\"><\/div><div style=\"left: 42px;top: 0;animation-delay:0.25s;\"><\/div><div style=\"left: 0;top: 21px;animation-delay:0.875s;\"><\/div><div style=\"left: 42px;top: 21px;animation-delay:0.375s;\"><\/div><div style=\"left: 0;top: 42px;animation-delay:0.75s;\"><\/div><div style=\"left: 42px;top: 42px;animation-delay:0.625s;\"><\/div><div style=\"left: 21px;top: 42px;animation-delay:0.5s;\"><\/div><\/div><\/div><div class=\"ultp-block-items-wrap ultp-block-row ultp-pg1a-style1 ultp-block-column-3 ultp-layout2\"><div class=\"ultp-block-item post-id-425\"><div class=\"ultp-block-content-wrap\"><div class=\"ultp-block-content-image\" style=><\/div><div class=\"ultp-block-content\"><h3 class=\"ultp-block-title \"><a href=\"https:\/\/anaarizaga.projectes.biz\/ca\/periodoncia\/\" >Period\u00f2ncia<\/a><\/h3><div class=\"ultp-block-excerpt\">La period\u00f2ncia prev\u00e9 i tracta malalties de les genives com la gingivitis i la periodontitis, evitant la p\u00e8rdua dental i millorant la salut bucodental.<\/div><div class=\"ultp-block-readmore\"><a aria-label=\"Period\u00f2ncia\" href=\"https:\/\/anaarizaga.projectes.biz\/ca\/periodoncia\/\" >M\u00e9s informaci\u00f3<\/a><\/div><\/div><\/div><\/div><div class=\"ultp-block-item post-id-429\"><div class=\"ultp-block-content-wrap\"><div class=\"ultp-block-content-image\" style=><\/div><div class=\"ultp-block-content\"><h3 class=\"ultp-block-title \"><a href=\"https:\/\/anaarizaga.projectes.biz\/ca\/odontopediatria\/\" >Odontopediatria<\/a><\/h3><div class=\"ultp-block-excerpt\">L&#8217;odontopediatria prev\u00e9 c\u00e0ries i corregeix h\u00e0bits orals en infants, assegurant un desenvolupament dental sa i reduint la necessitat d\u2019ortod\u00f2ncia futura.<\/div><div class=\"ultp-block-readmore\"><a aria-label=\"Odontopediatria\" href=\"https:\/\/anaarizaga.projectes.biz\/ca\/odontopediatria\/\" >M\u00e9s informaci\u00f3<\/a><\/div><\/div><\/div><\/div><div class=\"ultp-block-item post-id-433\"><div class=\"ultp-block-content-wrap\"><div class=\"ultp-block-content-image\" style=><\/div><div class=\"ultp-block-content\"><h3 class=\"ultp-block-title \"><a href=\"https:\/\/anaarizaga.projectes.biz\/ca\/protesis-dentals\/\" >Pr\u00f2tesis dentals<\/a><\/h3><div class=\"ultp-block-excerpt\">Les pr\u00f2tesis dentals restauren la funcionalitat i l&#8217;est\u00e8tica del somriure amb opcions fixes o removibles, adaptades a cada pacient per a un resultat natural.<\/div><div class=\"ultp-block-readmore\"><a aria-label=\"Pr\u00f2tesis dentals\" href=\"https:\/\/anaarizaga.projectes.biz\/ca\/protesis-dentals\/\" >M\u00e9s informaci\u00f3<\/a><\/div><\/div><\/div><\/div><div class=\"ultp-block-item post-id-436\"><div class=\"ultp-block-content-wrap\"><div class=\"ultp-block-content-image\" style=><\/div><div class=\"ultp-block-content\"><h3 class=\"ultp-block-title \"><a href=\"https:\/\/anaarizaga.projectes.biz\/ca\/ortodoncia\/\" >Ortod\u00f2ncia<\/a><\/h3><div class=\"ultp-block-excerpt\">L\u2019ortod\u00f2ncia corregeix l\u2019alineaci\u00f3 dental i la mossegada, millorant l\u2019est\u00e8tica i la funci\u00f3 masticat\u00f2ria amb opcions que van des de brackets fins a alineadors invisibles.<\/div><div class=\"ultp-block-readmore\"><a aria-label=\"Ortod\u00f2ncia\" href=\"https:\/\/anaarizaga.projectes.biz\/ca\/ortodoncia\/\" >M\u00e9s informaci\u00f3<\/a><\/div><\/div><\/div><\/div><div class=\"ultp-block-item post-id-439\"><div class=\"ultp-block-content-wrap\"><div class=\"ultp-block-content-image\" style=><\/div><div class=\"ultp-block-content\"><h3 class=\"ultp-block-title \"><a href=\"https:\/\/anaarizaga.projectes.biz\/ca\/ob-rmr-odontologia-biologica-i-rehabilitacio-masticatoria-respiratoria\/\" >OB-RMR (Odontologia Biol\u00f2gica i Rehabilitaci\u00f3 Masticat\u00f2ria-Respirat\u00f2ria)<\/a><\/h3><div class=\"ultp-block-excerpt\">L\u2019odontologia biol\u00f2gica corregeix h\u00e0bits masticatoris i respiratoris, millorant la salut oral, el son i el benestar general amb t\u00e8cniques naturals i efectives.<\/div><div class=\"ultp-block-readmore\"><a aria-label=\"OB-RMR (Odontologia Biol\u00f2gica i Rehabilitaci\u00f3 Masticat\u00f2ria-Respirat\u00f2ria)\" href=\"https:\/\/anaarizaga.projectes.biz\/ca\/ob-rmr-odontologia-biologica-i-rehabilitacio-masticatoria-respiratoria\/\" >M\u00e9s informaci\u00f3<\/a><\/div><\/div><\/div><\/div><div class=\"ultp-block-item post-id-444\"><div class=\"ultp-block-content-wrap\"><div class=\"ultp-block-content-image\" style=><\/div><div class=\"ultp-block-content\"><h3 class=\"ultp-block-title \"><a href=\"https:\/\/anaarizaga.projectes.biz\/ca\/terapia-neural-i-odontologia-neurofocal\/\" >Ter\u00e0pia neural i odontologia neurofocal<\/a><\/h3><div class=\"ultp-block-excerpt\">La ter\u00e0pia neural elimina focus irritatius a la boca, restaurant l\u2019equilibri energ\u00e8tic i millorant la salut general amb t\u00e8cniques com la Proca\u00efna i la kinesiologia.<\/div><div class=\"ultp-block-readmore\"><a aria-label=\"Ter\u00e0pia neural i odontologia neurofocal\" href=\"https:\/\/anaarizaga.projectes.biz\/ca\/terapia-neural-i-odontologia-neurofocal\/\" >M\u00e9s informaci\u00f3<\/a><\/div><\/div><\/div><\/div><div class=\"ultp-block-item post-id-447\"><div class=\"ultp-block-content-wrap\"><div class=\"ultp-block-content-image\" style=><\/div><div class=\"ultp-block-content\"><h3 class=\"ultp-block-title \"><a href=\"https:\/\/anaarizaga.projectes.biz\/ca\/retirada-damalgames\/\" >Retirada d\u2019amalgames<\/a><\/h3><div class=\"ultp-block-excerpt\">Realitzem la retirada d\u2019amalgames amb t\u00e8cniques segures, minimitzant l\u2019exposici\u00f3 al mercuri i substituint-les per empastaments biocompatibles sense BPA.<\/div><div class=\"ultp-block-readmore\"><a aria-label=\"Retirada d\u2019amalgames\" href=\"https:\/\/anaarizaga.projectes.biz\/ca\/retirada-damalgames\/\" >M\u00e9s informaci\u00f3<\/a><\/div><\/div><\/div><\/div><\/div><\/div><div class=\"pagination-block-html\" aria-hidden=\"true\" style=\"display: none;\"><\/div><\/div><\/div>\n<\/div><\/div>\n\n<\/div><\/div>","protected":false},"excerpt":{"rendered":"<p>La endod\u00f2ncia permet salvar dents danyades sense necessitat d\u2019extracci\u00f3, eliminant infeccions i segellant el conducte per garantir-ne la funcionalitat.<\/p>\n","protected":false},"author":1,"featured_media":0,"parent":0,"menu_order":0,"comment_status":"closed","ping_status":"closed","template":"templates\/template-builder.php","meta":{"inline_featured_image":false,"_kad_blocks_custom_css":"","_kad_blocks_head_custom_js":"","_kad_blocks_body_custom_js":"","_kad_blocks_footer_custom_js":"","footnotes":""},"class_list":["post-417","page","type-page","status-publish","hentry","post","without-featured-image"],"taxonomy_info":[],"featured_image_src_large":false,"author_info":{"display_name":"admin","author_link":"https:\/\/anaarizaga.projectes.biz\/ca\/author\/server_4driiaoc\/"},"comment_info":0,"_links":{"self":[{"href":"https:\/\/anaarizaga.projectes.biz\/ca\/wp-json\/wp\/v2\/pages\/417","targetHints":{"allow":["GET"]}}],"collection":[{"href":"https:\/\/anaarizaga.projectes.biz\/ca\/wp-json\/wp\/v2\/pages"}],"about":[{"href":"https:\/\/anaarizaga.projectes.biz\/ca\/wp-json\/wp\/v2\/types\/page"}],"author":[{"embeddable":true,"href":"https:\/\/anaarizaga.projectes.biz\/ca\/wp-json\/wp\/v2\/users\/1"}],"replies":[{"embeddable":true,"href":"https:\/\/anaarizaga.projectes.biz\/ca\/wp-json\/wp\/v2\/comments?post=417"}],"version-history":[{"count":3,"href":"https:\/\/anaarizaga.projectes.biz\/ca\/wp-json\/wp\/v2\/pages\/417\/revisions"}],"predecessor-version":[{"id":428,"href":"https:\/\/anaarizaga.projectes.biz\/ca\/wp-json\/wp\/v2\/pages\/417\/revisions\/428"}],"wp:attachment":[{"href":"https:\/\/anaarizaga.projectes.biz\/ca\/wp-json\/wp\/v2\/media?parent=417"}],"curies":[{"name":"wp","href":"https:\/\/api.w.org\/{rel}","templated":true}]}}