{"id":413,"date":"2025-03-03T13:11:27","date_gmt":"2025-03-03T12:11:27","guid":{"rendered":"https:\/\/anaarizaga.projectes.biz\/areas-de-especializacion\/"},"modified":"2025-03-19T17:32:35","modified_gmt":"2025-03-19T16:32:35","slug":"arees-despecialitzacio","status":"publish","type":"page","link":"https:\/\/anaarizaga.projectes.biz\/ca\/arees-despecialitzacio\/","title":{"rendered":"\u00c0rees d\u2019especialitzaci\u00f3"},"content":{"rendered":"<style>.kb-row-layout-wrap.wp-block-kadence-rowlayout.kb-row-layout-id413_329eba-dd{margin-bottom:160px;}.kb-row-layout-id413_329eba-dd > .kt-row-column-wrap{align-content:start;}:where(.kb-row-layout-id413_329eba-dd > .kt-row-column-wrap) > .wp-block-kadence-column{justify-content:start;}.kb-row-layout-id413_329eba-dd > .kt-row-column-wrap{column-gap:96px;row-gap:var(--global-kb-gap-md, 2rem);padding-top:0px;padding-bottom:0px;grid-template-columns:repeat(2, minmax(0, 1fr));}.kb-row-layout-id413_329eba-dd > .kt-row-layout-overlay{opacity:0.30;}@media all and (max-width: 1024px){.kb-row-layout-wrap.wp-block-kadence-rowlayout.kb-row-layout-id413_329eba-dd{margin-bottom:64px;}}@media all and (max-width: 1024px){.kb-row-layout-id413_329eba-dd > .kt-row-column-wrap{row-gap:80px;grid-template-columns:minmax(0, 1fr);}}@media all and (max-width: 1024px){.kb-row-layout-id413_329eba-dd > .kt-row-column-wrap > .wp-block-kadence-column:nth-of-type(1){order:2;}}@media all and (max-width: 1024px){.kb-row-layout-id413_329eba-dd > .kt-row-column-wrap > .wp-block-kadence-column:nth-of-type(2){order:1;}}@media all and (max-width: 1024px){.kb-row-layout-id413_329eba-dd > .kt-row-column-wrap > .wp-block-kadence-column:nth-of-type(3){order:12;}}@media all and (max-width: 1024px){.kb-row-layout-id413_329eba-dd > .kt-row-column-wrap > .wp-block-kadence-column:nth-of-type(4){order:11;}}@media all and (max-width: 1024px){.kb-row-layout-id413_329eba-dd > .kt-row-column-wrap > .wp-block-kadence-column:nth-of-type(5){order:22;}}@media all and (max-width: 1024px){.kb-row-layout-id413_329eba-dd > .kt-row-column-wrap > .wp-block-kadence-column:nth-of-type(6){order:21;}}@media all and (max-width: 1024px){.kb-row-layout-id413_329eba-dd > .kt-row-column-wrap > .wp-block-kadence-column:nth-of-type(7){order:32;}}@media all and (max-width: 1024px){.kb-row-layout-id413_329eba-dd > .kt-row-column-wrap > .wp-block-kadence-column:nth-of-type(8){order:31;}}@media all and (max-width: 767px){.kb-row-layout-id413_329eba-dd > .kt-row-column-wrap{row-gap:80px;grid-template-columns:minmax(0, 1fr);}.kb-row-layout-id413_329eba-dd > .kt-row-column-wrap > .wp-block-kadence-column:nth-of-type(1){order:2;}.kb-row-layout-id413_329eba-dd > .kt-row-column-wrap > .wp-block-kadence-column:nth-of-type(2){order:1;}.kb-row-layout-id413_329eba-dd > .kt-row-column-wrap > .wp-block-kadence-column:nth-of-type(3){order:12;}.kb-row-layout-id413_329eba-dd > .kt-row-column-wrap > .wp-block-kadence-column:nth-of-type(4){order:11;}.kb-row-layout-id413_329eba-dd > .kt-row-column-wrap > .wp-block-kadence-column:nth-of-type(5){order:22;}.kb-row-layout-id413_329eba-dd > .kt-row-column-wrap > .wp-block-kadence-column:nth-of-type(6){order:21;}.kb-row-layout-id413_329eba-dd > .kt-row-column-wrap > .wp-block-kadence-column:nth-of-type(7){order:32;}.kb-row-layout-id413_329eba-dd > .kt-row-column-wrap > .wp-block-kadence-column:nth-of-type(8){order:31;}}<\/style><div class=\"kb-row-layout-wrap kb-row-layout-id413_329eba-dd alignnone wp-block-kadence-rowlayout\"><div class=\"kt-row-column-wrap kt-has-2-columns kt-row-layout-equal kt-tab-layout-row kt-mobile-layout-row kt-row-valign-top\">\n<style>.kadence-column413_d88132-7a > .kt-inside-inner-col,.kadence-column413_d88132-7a > .kt-inside-inner-col:before{border-top-left-radius:0px;border-top-right-radius:0px;border-bottom-right-radius:0px;border-bottom-left-radius:0px;}.kadence-column413_d88132-7a > .kt-inside-inner-col{column-gap:var(--global-kb-gap-sm, 1rem);}.kadence-column413_d88132-7a > .kt-inside-inner-col{flex-direction:column;}.kadence-column413_d88132-7a > .kt-inside-inner-col > .aligncenter{width:100%;}.kadence-column413_d88132-7a > .kt-inside-inner-col:before{opacity:0.3;}.kadence-column413_d88132-7a{position:relative;}@media all and (max-width: 1024px){.kadence-column413_d88132-7a > .kt-inside-inner-col{flex-direction:column;}}@media all and (max-width: 767px){.kadence-column413_d88132-7a > .kt-inside-inner-col{flex-direction:column;}}<\/style>\n<div class=\"wp-block-kadence-column kadence-column413_d88132-7a\" data-aos=\"fade-up\" data-aos-duration=\"1000\" data-aos-easing=\"ease-out\" data-aos-once=\"true\"><div class=\"kt-inside-inner-col\"><style>.kb-image413_305341-c4 .kb-image-has-overlay:after{opacity:0.3;border-top-left-radius:80px;border-top-right-radius:80px;border-bottom-right-radius:80px;border-bottom-left-radius:80px;}.kb-image413_305341-c4 img.kb-img, .kb-image413_305341-c4 .kb-img img{border-top-left-radius:80px;border-top-right-radius:80px;border-bottom-right-radius:80px;border-bottom-left-radius:80px;}@media all and (max-width: 1024px){.kb-image413_305341-c4.kb-image-is-ratio-size, .kb-image413_305341-c4 .kb-image-is-ratio-size{max-width:512px;width:100%;}}@media all and (max-width: 1024px){.kb-image413_305341-c4 figure{max-width:512px;}}<\/style>\n<div class=\"wp-block-kadence-image kb-image413_305341-c4 imatge--destacada\" data-aos=\"fade\" data-aos-duration=\"1400\" data-aos-easing=\"ease-out\" data-aos-once=\"true\"><figure class=\"aligncenter size-full\"><img loading=\"lazy\" decoding=\"async\" width=\"1368\" height=\"1822\" src=\"https:\/\/anaarizaga.projectes.biz\/wp-content\/uploads\/2025\/03\/especializacion.webp\" alt=\"\u00c1reas de especializaci\u00f3n\" class=\"kb-img wp-image-75\" srcset=\"https:\/\/anaarizaga.projectes.biz\/wp-content\/uploads\/2025\/03\/especializacion.webp 1368w, https:\/\/anaarizaga.projectes.biz\/wp-content\/uploads\/2025\/03\/especializacion-1200x1598.webp 1200w, https:\/\/anaarizaga.projectes.biz\/wp-content\/uploads\/2025\/03\/especializacion-300x400.webp 300w\" sizes=\"auto, (max-width: 1368px) 100vw, 1368px\" \/><\/figure><\/div>\n<\/div><\/div>\n\n\n<style>.kadence-column413_74ae0c-89 > .kt-inside-inner-col,.kadence-column413_74ae0c-89 > .kt-inside-inner-col:before{border-top-left-radius:0px;border-top-right-radius:0px;border-bottom-right-radius:0px;border-bottom-left-radius:0px;}.kadence-column413_74ae0c-89 > .kt-inside-inner-col{column-gap:var(--global-kb-gap-sm, 1rem);}.kadence-column413_74ae0c-89 > .kt-inside-inner-col{flex-direction:column;}.kadence-column413_74ae0c-89 > .kt-inside-inner-col > .aligncenter{width:100%;}.kadence-column413_74ae0c-89 > .kt-inside-inner-col:before{opacity:0.3;}.kadence-column413_74ae0c-89{position:relative;}@media all and (max-width: 1024px){.kadence-column413_74ae0c-89 > .kt-inside-inner-col{flex-direction:column;}}@media all and (max-width: 767px){.kadence-column413_74ae0c-89 > .kt-inside-inner-col{flex-direction:column;}}<\/style>\n<div class=\"wp-block-kadence-column kadence-column413_74ae0c-89\" data-aos=\"fade-down\" data-aos-duration=\"1000\" data-aos-easing=\"ease-out\" data-aos-once=\"true\"><div class=\"kt-inside-inner-col\"><h1 class=\"wp-block-post-title\">\u00c0rees d\u2019especialitzaci\u00f3<\/h1>\n\n<style>.wp-block-kadence-advancedheading.kt-adv-heading413_149076-0e, .wp-block-kadence-advancedheading.kt-adv-heading413_149076-0e[data-kb-block=\"kb-adv-heading413_149076-0e\"]{font-style:normal;}.wp-block-kadence-advancedheading.kt-adv-heading413_149076-0e mark.kt-highlight, .wp-block-kadence-advancedheading.kt-adv-heading413_149076-0e[data-kb-block=\"kb-adv-heading413_149076-0e\"] mark.kt-highlight{font-style:normal;color:#f76a0c;-webkit-box-decoration-break:clone;box-decoration-break:clone;padding-top:0px;padding-right:0px;padding-bottom:0px;padding-left:0px;}<\/style>\n<h2 class=\"kt-adv-heading413_149076-0e h5 wp-block-kadence-advancedheading\" data-kb-block=\"kb-adv-heading413_149076-0e\">Gr\u00e0cies a la meva formaci\u00f3 cont\u00ednua, puc aplicar les t\u00e8cniques m\u00e9s actuals i seleccionar els materials m\u00e9s adequats per a cada cas, oferint tractaments personalitzats i sempre pensant en el benestar del pacient.<\/h2>\n\n\n\n<ul class=\"wp-block-list\">\n<li>M\u00e0ster en <strong>Rehabilitaci\u00f3 i Pr\u00f2tesi Maxil\u00b7lofacial<\/strong> (Universitat de Barcelona, 2007-2009).<\/li>\n\n\n\n<li>Postgrau<strong> Resid\u00e8ncia Cl\u00ednica en Implantologia Oral<\/strong> (Universitat Internacional de Catalunya, 2013-2014).<\/li>\n\n\n\n<li>M\u00e0ster en<strong> Ter\u00e0pia Neural i Odontologia Neurofocal<\/strong> (Universitat de Barcelona, 2021-2023).<\/li>\n\n\n\n<li>M\u00e0ster en<strong> Odontologia Biol\u00f2gica (OB-RMR)<\/strong> (2024).<\/li>\n\n\n\n<li>Diploma d\u2019<strong>Estudis Avan\u00e7ats<\/strong> (Universitat de Barcelona, 2009).<\/li>\n<\/ul>\n<\/div><\/div>\n\n<\/div><\/div>\n\n<style>.kb-row-layout-wrap.wp-block-kadence-rowlayout.kb-row-layout-id413_a5fa86-84{margin-bottom:0px;}.kb-row-layout-id413_a5fa86-84 > .kt-row-column-wrap{align-content:start;}:where(.kb-row-layout-id413_a5fa86-84 > .kt-row-column-wrap) > .wp-block-kadence-column{justify-content:start;}.kb-row-layout-id413_a5fa86-84 > .kt-row-column-wrap{column-gap:96px;row-gap:var(--global-kb-gap-md, 2rem);padding-top:0px;padding-bottom:0px;grid-template-columns:repeat(2, minmax(0, 1fr));}.kb-row-layout-id413_a5fa86-84{border-top-left-radius:80px;border-top-right-radius:80px;border-bottom-right-radius:80px;border-bottom-left-radius:80px;overflow:clip;isolation:isolate;}.kb-row-layout-id413_a5fa86-84 > .kt-row-layout-overlay{border-top-left-radius:80px;border-top-right-radius:80px;border-bottom-right-radius:80px;border-bottom-left-radius:80px;}.kb-row-layout-id413_a5fa86-84 > .kt-row-layout-overlay{opacity:0.30;}@media all and (max-width: 1024px){.kb-row-layout-id413_a5fa86-84 > .kt-row-column-wrap{row-gap:0px;grid-template-columns:minmax(0, 1fr);}}@media all and (max-width: 1024px){.kb-row-layout-id413_a5fa86-84{border-top-left-radius:40px;border-top-right-radius:40px;border-bottom-right-radius:40px;border-bottom-left-radius:40px;}}@media all and (max-width: 1024px){.kb-row-layout-id413_a5fa86-84 > .kt-row-layout-overlay{border-top-left-radius:40px;border-top-right-radius:40px;border-bottom-right-radius:40px;border-bottom-left-radius:40px;}}@media all and (max-width: 767px){.kb-row-layout-id413_a5fa86-84 > .kt-row-column-wrap{grid-template-columns:minmax(0, 1fr);}}<\/style><div class=\"kb-row-layout-wrap kb-row-layout-id413_a5fa86-84 alignfull has-white-background-color kt-row-has-bg fila--blanca wp-block-kadence-rowlayout\"><div class=\"kt-row-column-wrap kt-has-2-columns kt-row-layout-equal kt-tab-layout-row kt-mobile-layout-row kt-row-valign-top\">\n<style>.kadence-column413_b139da-7f > .kt-inside-inner-col{padding-top:1rem;padding-left:4rem;}.kadence-column413_b139da-7f > .kt-inside-inner-col,.kadence-column413_b139da-7f > .kt-inside-inner-col:before{border-top-left-radius:0px;border-top-right-radius:0px;border-bottom-right-radius:0px;border-bottom-left-radius:0px;}.kadence-column413_b139da-7f > .kt-inside-inner-col{column-gap:var(--global-kb-gap-sm, 1rem);}.kadence-column413_b139da-7f > .kt-inside-inner-col{flex-direction:column;}.kadence-column413_b139da-7f > .kt-inside-inner-col > .aligncenter{width:100%;}.kadence-column413_b139da-7f > .kt-inside-inner-col:before{opacity:0.3;}.kadence-column413_b139da-7f{position:relative;}@media all and (max-width: 1024px){.kadence-column413_b139da-7f > .kt-inside-inner-col{padding-right:2rem;padding-left:2rem;flex-direction:column;}}@media all and (max-width: 767px){.kadence-column413_b139da-7f > .kt-inside-inner-col{padding-right:1rem;padding-left:1rem;flex-direction:column;}}<\/style>\n<div class=\"wp-block-kadence-column kadence-column413_b139da-7f\"><div class=\"kt-inside-inner-col\"><style>.kb-row-layout-id413_fe194e-ee > .kt-row-column-wrap{align-content:start;}:where(.kb-row-layout-id413_fe194e-ee > .kt-row-column-wrap) > .wp-block-kadence-column{justify-content:start;}.kb-row-layout-id413_fe194e-ee > .kt-row-column-wrap{column-gap:96px;row-gap:var(--global-kb-gap-md, 2rem);padding-top:0px;padding-bottom:0px;grid-template-columns:minmax(0, 1fr);}.kb-row-layout-id413_fe194e-ee > .kt-row-layout-overlay{opacity:0.30;}@media all and (max-width: 1024px){.kb-row-layout-id413_fe194e-ee > .kt-row-column-wrap{grid-template-columns:minmax(0, 1fr);}}@media all and (max-width: 767px){.kb-row-layout-id413_fe194e-ee > .kt-row-column-wrap{grid-template-columns:minmax(0, 1fr);}}<\/style><div class=\"kb-row-layout-wrap kb-row-layout-id413_fe194e-ee alignnone container--columna wp-block-kadence-rowlayout\"><div class=\"kt-row-column-wrap kt-has-1-columns kt-row-layout-equal kt-tab-layout-inherit kt-mobile-layout-row kt-row-valign-top\">\n<style>.kadence-column413_167b3b-75 > .kt-inside-inner-col,.kadence-column413_167b3b-75 > .kt-inside-inner-col:before{border-top-left-radius:0px;border-top-right-radius:0px;border-bottom-right-radius:0px;border-bottom-left-radius:0px;}.kadence-column413_167b3b-75 > .kt-inside-inner-col{column-gap:var(--global-kb-gap-sm, 1rem);}.kadence-column413_167b3b-75 > .kt-inside-inner-col{flex-direction:column;}.kadence-column413_167b3b-75 > .kt-inside-inner-col > .aligncenter{width:100%;}.kadence-column413_167b3b-75 > .kt-inside-inner-col:before{opacity:0.3;}.kadence-column413_167b3b-75{position:relative;}.kadence-column413_167b3b-75, .kt-inside-inner-col > .kadence-column413_167b3b-75:not(.specificity){margin-bottom:2rem;}@media all and (max-width: 1024px){.kadence-column413_167b3b-75 > .kt-inside-inner-col{flex-direction:column;}}@media all and (max-width: 767px){.kadence-column413_167b3b-75 > .kt-inside-inner-col{flex-direction:column;}}<\/style>\n<div class=\"wp-block-kadence-column kadence-column413_167b3b-75\"><div class=\"kt-inside-inner-col\"><style>.wp-block-kadence-advancedheading.kt-adv-heading413_da0beb-9c, .wp-block-kadence-advancedheading.kt-adv-heading413_da0beb-9c[data-kb-block=\"kb-adv-heading413_da0beb-9c\"]{text-align:left;font-style:normal;}.wp-block-kadence-advancedheading.kt-adv-heading413_da0beb-9c mark.kt-highlight, .wp-block-kadence-advancedheading.kt-adv-heading413_da0beb-9c[data-kb-block=\"kb-adv-heading413_da0beb-9c\"] mark.kt-highlight{font-style:normal;color:#f76a0c;-webkit-box-decoration-break:clone;box-decoration-break:clone;padding-top:0px;padding-right:0px;padding-bottom:0px;padding-left:0px;}<\/style>\n<h2 class=\"kt-adv-heading413_da0beb-9c wp-block-kadence-advancedheading\" data-kb-block=\"kb-adv-heading413_da0beb-9c\">Altres formacions per oferir la majoria de tractaments<\/h2>\n\n\n\n<ul class=\"wp-block-list\">\n<li>Curs de <strong>direcci\u00f3 d\u2019instal\u00b7lacions de radiodiagn\u00f2stic dental<\/strong> (Universitat de Barcelona, 2007).<\/li>\n\n\n\n<li>Diploma d\u2019<strong>Endod\u00f2ncia<\/strong> (Universitat Internacional de Catalunya, 2012).<\/li>\n\n\n\n<li>Curs d\u2019immersi\u00f3 te\u00f2ric-demostratiu: &#8220;<strong>Estrat\u00e8gies per a la utilitzaci\u00f3 de restauracions est\u00e8tiques cer\u00e0miques: construint un protocol cl\u00ednic pas a pas<\/strong>&#8221; (Dr. Sidney Kina, Maring\u00e1, Brasil, 2013).<\/li>\n\n\n\n<li>Curs te\u00f2ric-pr\u00e0ctic &#8220;<strong>Restauracions complexes est\u00e8tiques amb composites en el sector anterior<\/strong>&#8221; (Dr. Fernando Autr\u00e1n, Barcelona, 2013).<\/li>\n\n\n\n<li>Curs de <strong>Cirurgia implantol\u00f2gica dental avan\u00e7ada<\/strong> (Campus Manresa de la Universitat de Vic \u2013 Universitat Central de Catalunya, 2016).<\/li>\n\n\n\n<li>T\u00edtol d\u2019<strong>expert en period\u00f2ncia i implants<\/strong> (Universitat Internacional de Catalunya, 2018).<\/li>\n\n\n\n<li>Curs te\u00f2ric-pr\u00e0ctic &#8220;<strong>Est\u00e8tica dental en anteriors, l\u2019art dels composites<\/strong>&#8221; (Dr. Fernando Autr\u00e1n, Barcelona, 2021).<\/li>\n<\/ul>\n<\/div><\/div>\n\n<\/div><\/div><\/div><\/div>\n\n\n<style>.kadence-column413_8061ce-5b > .kt-inside-inner-col{padding-bottom:0px;}.kadence-column413_8061ce-5b > .kt-inside-inner-col,.kadence-column413_8061ce-5b > .kt-inside-inner-col:before{border-top-left-radius:0px;border-top-right-radius:0px;border-bottom-right-radius:0px;border-bottom-left-radius:0px;}.kadence-column413_8061ce-5b > .kt-inside-inner-col{column-gap:var(--global-kb-gap-sm, 1rem);}.kadence-column413_8061ce-5b > .kt-inside-inner-col{flex-direction:column;}.kadence-column413_8061ce-5b > .kt-inside-inner-col > .aligncenter{width:100%;}.kadence-column413_8061ce-5b > .kt-inside-inner-col:before{opacity:0.3;}.kadence-column413_8061ce-5b{position:relative;}.kadence-column413_8061ce-5b, .kt-inside-inner-col > .kadence-column413_8061ce-5b:not(.specificity){margin-bottom:0px;}@media all and (max-width: 1024px){.kadence-column413_8061ce-5b > .kt-inside-inner-col{flex-direction:column;}}@media all and (max-width: 767px){.kadence-column413_8061ce-5b > .kt-inside-inner-col{flex-direction:column;}}<\/style>\n<div class=\"wp-block-kadence-column kadence-column413_8061ce-5b\"><div class=\"kt-inside-inner-col\">\n<div class=\"wp-block-getwid-images-slider slider-sobre-mi has-arrows-inside has-dots-inside has-images-center has-cropped-images has-fixed-height\"><div class=\"wp-block-getwid-images-slider__wrapper\" data-effect=\"fade\" data-slides-show=\"1\" data-slides-show-laptop=\"1\" data-slides-show-tablet=\"1\" data-slides-show-mobile=\"1\" data-slides-scroll=\"1\" data-autoplay=\"true\" data-pause-hover=\"true\" data-autoplay-speed=\"6000\" data-infinite=\"true\" data-animation-speed=\"800\" data-center-mode=\"false\" data-variable-width=\"false\" data-arrows=\"inside\" data-dots=\"inside\" data-spacing=\"none\"><div class=\"wp-block-getwid-images-slider__item getwid-reset-height-tablet getwid-reset-height-mobile\" style=\"height:100vh\"><figure><img loading=\"lazy\" decoding=\"async\" width=\"2289\" height=\"2391\" src=\"https:\/\/anaarizaga.projectes.biz\/wp-content\/uploads\/2025\/03\/slider-7.webp\" alt=\"Ana Ar\u00edzaga\" data-id=\"219\" data-link=\"https:\/\/anaarizaga.projectes.biz\/slider-7\/\" data-original-link=\"https:\/\/anaarizaga.projectes.biz\/wp-content\/uploads\/2025\/03\/slider-7.webp\" class=\"wp-block-getwid-images-slider__image wp-image-219\" srcset=\"https:\/\/anaarizaga.projectes.biz\/wp-content\/uploads\/2025\/03\/slider-7.webp 2289w, https:\/\/anaarizaga.projectes.biz\/wp-content\/uploads\/2025\/03\/slider-7-1200x1253.webp 1200w, https:\/\/anaarizaga.projectes.biz\/wp-content\/uploads\/2025\/03\/slider-7-1400x1462.webp 1400w, https:\/\/anaarizaga.projectes.biz\/wp-content\/uploads\/2025\/03\/slider-7-300x313.webp 300w\" sizes=\"auto, (max-width: 2289px) 100vw, 2289px\" \/><\/figure><\/div><\/div><\/div>\n<\/div><\/div>\n\n<\/div><\/div>","protected":false},"excerpt":{"rendered":"<p>Descobreix les \u00e0rees d\u2019especialitzaci\u00f3 d\u2019Ana Ar\u00edzaga: rehabilitaci\u00f3, implantologia, odontologia biol\u00f2gica i est\u00e8tica amb formaci\u00f3 avan\u00e7ada.<\/p>\n","protected":false},"author":1,"featured_media":0,"parent":0,"menu_order":0,"comment_status":"closed","ping_status":"closed","template":"templates\/template-builder.php","meta":{"inline_featured_image":false,"_kad_blocks_custom_css":"","_kad_blocks_head_custom_js":"","_kad_blocks_body_custom_js":"","_kad_blocks_footer_custom_js":"","footnotes":""},"class_list":["post-413","page","type-page","status-publish","hentry","post","without-featured-image"],"taxonomy_info":[],"featured_image_src_large":false,"author_info":{"display_name":"admin","author_link":"https:\/\/anaarizaga.projectes.biz\/ca\/author\/server_4driiaoc\/"},"comment_info":0,"_links":{"self":[{"href":"https:\/\/anaarizaga.projectes.biz\/ca\/wp-json\/wp\/v2\/pages\/413","targetHints":{"allow":["GET"]}}],"collection":[{"href":"https:\/\/anaarizaga.projectes.biz\/ca\/wp-json\/wp\/v2\/pages"}],"about":[{"href":"https:\/\/anaarizaga.projectes.biz\/ca\/wp-json\/wp\/v2\/types\/page"}],"author":[{"embeddable":true,"href":"https:\/\/anaarizaga.projectes.biz\/ca\/wp-json\/wp\/v2\/users\/1"}],"replies":[{"embeddable":true,"href":"https:\/\/anaarizaga.projectes.biz\/ca\/wp-json\/wp\/v2\/comments?post=413"}],"version-history":[{"count":3,"href":"https:\/\/anaarizaga.projectes.biz\/ca\/wp-json\/wp\/v2\/pages\/413\/revisions"}],"predecessor-version":[{"id":514,"href":"https:\/\/anaarizaga.projectes.biz\/ca\/wp-json\/wp\/v2\/pages\/413\/revisions\/514"}],"wp:attachment":[{"href":"https:\/\/anaarizaga.projectes.biz\/ca\/wp-json\/wp\/v2\/media?parent=413"}],"curies":[{"name":"wp","href":"https:\/\/api.w.org\/{rel}","templated":true}]}}